{"id":17015,"date":"2022-09-27T10:22:28","date_gmt":"2022-09-27T08:22:28","guid":{"rendered":"https:\/\/ssrs.si\/noo-ceb-projects\/noo-projects\/rogaska-slatina\/"},"modified":"2023-10-11T10:18:24","modified_gmt":"2023-10-11T08:18:24","slug":"rogaska-slatina","status":"publish","type":"page","link":"https:\/\/ssrs.si\/en\/noo-ceb-projects\/noo-projects\/rogaska-slatina\/","title":{"rendered":"Roga\u0161ka Slatina"},"content":{"rendered":"<h3>SERVICED HOUSING UNITS ROGA\u0160KA SLATINA \u2013 KIDRI\u010cEVA ULICA<\/h3>\n<p>&nbsp;<\/p>\n<p><strong>The operation is part-financed by the European Union under the Recovery and Resilience Facility.\u00a0The operation is implemented under Component 16: &#8220;Housing Policy, Investment: Providing public rental housing units.\u201d<\/strong><\/p>\n<p>&nbsp;<\/p>\n<p>THE FINAL RECIPIENT:\u00a0Housing Fund RS<\/p>\n<p>TOTAL PROJECT VALUE:\u00a0EUR 482,068<\/p>\n<p>&nbsp;<\/p>\n<p>At the beginning of 2022, the Municipality of Roga\u0161ka Slatina submitted an application to the Co-financing Programme for the Provision of Housing Units for the Elderly in 2021 and 2022.<\/p>\n<p>On the basis of the decision of the NS SSRS and the concluded co-investor agreement, sales contract and kitchen fitting contract, the entire project will cost EUR 1,342,068 incl. VAT, of which the investment was co-financed by the Housing Fund of the Republic of Slovenia in the amount of EUR 482,068 incl. VAT, thus becoming the owner of 6 serviced housing units with fitted kitchens, with a total area of 240.05 m2 of living space, at the location of Kidri\u010deva ulica 6 in Roga\u0161ka Slatina. Together with the Municipality of Roga\u0161ka Slatina, 12 new public housing units at non-profit rent have been secured in the new facility, which are expected to be available in autumn 2022.<\/p>\n<p>The final occupancy permit was obtained on 15 September 2022.<\/p>\n<p>The Fund has obtained approval for EU co-financing under the Resilience and Recovery Plan, Component 16, for the purchase of 6 serviced housing units: Housing policy, investment: Providing public rental housing units amounting to EUR 218,895.<\/p>\n<p>The building with serviced apartments is situated in a beautiful location at the intersection of Kidri\u010deva street and Strma cesta street, with access to shops and services in the immediate vicinity. The building consists of a ground floor, two floors and an attic. The floor plan of the housing units allows for maximum flexibility and living comfort.The rationally used space on the ground floor also includes a common area, which is intended for socialising and connecting the residents. All housing units are equipped with kitchens and sanitary facilities in the bathrooms. The surrounding area will include 26 parking spaces, an outdoor space for socialising and &#8211; last but not least &#8211; the second outdoor fitness centre for the elderly in Roga\u0161ka Slatina, which will be open to all visitors and not only to the users of the facility.<\/p>\n<p>&nbsp;<\/p>\nngg_shortcode_0_placeholder\n<p>&nbsp;<\/p>\n<p>On 6 October 2022, Roga\u0161ka Slatina hosted the opening ceremony of the serviced living facility. The ribbon was cut by the Director of the Housing Fund of the Republic of Slovenia, mag. \u010crtomir Remec, Mayor of the Municipality of Roga\u0161ka Slatina mag. Branko Kidri\u010d and the Director of Panles oprema company, Robert Pa\u017eon.\u00a0Also, the keys were symbolically handed over to some users.<\/p>\n<p>&nbsp;<\/p>\n<p><img loading=\"lazy\" decoding=\"async\" class=\"alignnone size-medium wp-image-10684\" src=\"https:\/\/ssrs.si\/wp-content\/uploads\/2022\/10\/mediaspeedX6816-300x200.jpg\" alt=\"\" width=\"300\" height=\"200\" srcset=\"https:\/\/ssrs.si\/wp-content\/uploads\/2022\/10\/mediaspeedX6816-300x200.jpg 300w, https:\/\/ssrs.si\/wp-content\/uploads\/2022\/10\/mediaspeedX6816-1024x683.jpg 1024w, https:\/\/ssrs.si\/wp-content\/uploads\/2022\/10\/mediaspeedX6816-768x512.jpg 768w\" sizes=\"(max-width: 300px) 100vw, 300px\" \/> <img loading=\"lazy\" decoding=\"async\" class=\"alignnone size-medium wp-image-10685\" src=\"https:\/\/ssrs.si\/wp-content\/uploads\/2022\/10\/mediaspeedX6938-300x200.jpg\" alt=\"\" width=\"300\" height=\"200\" srcset=\"https:\/\/ssrs.si\/wp-content\/uploads\/2022\/10\/mediaspeedX6938-300x200.jpg 300w, https:\/\/ssrs.si\/wp-content\/uploads\/2022\/10\/mediaspeedX6938-1024x683.jpg 1024w, https:\/\/ssrs.si\/wp-content\/uploads\/2022\/10\/mediaspeedX6938-768x512.jpg 768w\" sizes=\"(max-width: 300px) 100vw, 300px\" \/> <img loading=\"lazy\" decoding=\"async\" class=\"alignnone size-medium wp-image-10686\" src=\"https:\/\/ssrs.si\/wp-content\/uploads\/2022\/10\/mediaspeedX7077-300x200.jpg\" alt=\"\" width=\"300\" height=\"200\" srcset=\"https:\/\/ssrs.si\/wp-content\/uploads\/2022\/10\/mediaspeedX7077-300x200.jpg 300w, https:\/\/ssrs.si\/wp-content\/uploads\/2022\/10\/mediaspeedX7077-1024x683.jpg 1024w, https:\/\/ssrs.si\/wp-content\/uploads\/2022\/10\/mediaspeedX7077-768x512.jpg 768w\" sizes=\"(max-width: 300px) 100vw, 300px\" \/> <img loading=\"lazy\" decoding=\"async\" class=\"alignnone size-medium wp-image-10687\" src=\"https:\/\/ssrs.si\/wp-content\/uploads\/2022\/10\/mediaspeedX7173-300x200.jpg\" alt=\"\" width=\"300\" height=\"200\" srcset=\"https:\/\/ssrs.si\/wp-content\/uploads\/2022\/10\/mediaspeedX7173-300x200.jpg 300w, https:\/\/ssrs.si\/wp-content\/uploads\/2022\/10\/mediaspeedX7173-1024x683.jpg 1024w, https:\/\/ssrs.si\/wp-content\/uploads\/2022\/10\/mediaspeedX7173-768x512.jpg 768w\" sizes=\"(max-width: 300px) 100vw, 300px\" \/> <img loading=\"lazy\" decoding=\"async\" class=\"alignnone size-medium wp-image-10688\" src=\"https:\/\/ssrs.si\/wp-content\/uploads\/2022\/10\/mediaspeedX7212-300x200.jpg\" alt=\"\" width=\"300\" height=\"200\" srcset=\"https:\/\/ssrs.si\/wp-content\/uploads\/2022\/10\/mediaspeedX7212-300x200.jpg 300w, https:\/\/ssrs.si\/wp-content\/uploads\/2022\/10\/mediaspeedX7212-1024x683.jpg 1024w, https:\/\/ssrs.si\/wp-content\/uploads\/2022\/10\/mediaspeedX7212-768x512.jpg 768w\" sizes=\"(max-width: 300px) 100vw, 300px\" \/><\/p>\n<p><span style=\"font-size: 14px;\"><em>Fotografiranje na javnem dogodku in so vir SSRS.<\/em><\/span><\/p>\n","protected":false},"excerpt":{"rendered":"<p>SERVICED HOUSING UNITS ROGA\u0160KA SLATINA \u2013 KIDRI\u010cEVA ULICA &nbsp; The operation is part-financed by the European Union under the Recovery and Resilience Facility.\u00a0The operation is implemented under Component 16: &#8220;Housing Policy, Investment: Providing public rental housing units.\u201d &nbsp; THE FINAL RECIPIENT:\u00a0Housing Fund RS TOTAL PROJECT VALUE:\u00a0EUR 482,068 &nbsp; At the beginning of 2022, the Municipality [&hellip;]<\/p>\n","protected":false},"author":1,"featured_media":0,"parent":17002,"menu_order":134,"comment_status":"closed","ping_status":"closed","template":"","meta":{"ngg_post_thumbnail":0,"footnotes":"","_links_to":"","_links_to_target":""},"categories":[],"class_list":["post-17015","page","type-page","status-publish","hentry"],"yoast_head":"<!-- This site is optimized with the Yoast SEO plugin v23.4 - https:\/\/yoast.com\/wordpress\/plugins\/seo\/ -->\n<title>Roga\u0161ka Slatina - Stanovanjski Sklad Republike Slovenije, Javni Sklad<\/title>\n<meta name=\"robots\" content=\"index, follow, max-snippet:-1, max-image-preview:large, max-video-preview:-1\" \/>\n<link rel=\"canonical\" href=\"https:\/\/ssrs.si\/en\/noo-ceb-projects\/noo-projects\/rogaska-slatina\/\" \/>\n<meta name=\"twitter:card\" content=\"summary_large_image\" \/>\n<meta name=\"twitter:title\" content=\"Roga\u0161ka Slatina - Stanovanjski Sklad Republike Slovenije, Javni Sklad\" \/>\n<meta name=\"twitter:description\" content=\"SERVICED HOUSING UNITS ROGA\u0160KA SLATINA \u2013 KIDRI\u010cEVA ULICA &nbsp; The operation is part-financed by the European Union under the Recovery and Resilience Facility.\u00a0The operation is implemented under Component 16: &#8220;Housing Policy, Investment: Providing public rental housing units.\u201d &nbsp; THE FINAL RECIPIENT:\u00a0Housing Fund RS TOTAL PROJECT VALUE:\u00a0EUR 482,068 &nbsp; At the beginning of 2022, the Municipality [&hellip;]\" \/>\n<meta name=\"twitter:image\" content=\"https:\/\/ssrs.si\/wp-content\/uploads\/2022\/10\/mediaspeedX6816-300x200.jpg\" \/>\n<meta name=\"twitter:label1\" content=\"Est. reading time\" \/>\n\t<meta name=\"twitter:data1\" content=\"2 minutes\" \/>\n<script type=\"application\/ld+json\" class=\"yoast-schema-graph\">{\"@context\":\"https:\/\/schema.org\",\"@graph\":[{\"@type\":\"WebPage\",\"@id\":\"https:\/\/ssrs.si\/en\/noo-ceb-projects\/noo-projects\/rogaska-slatina\/\",\"url\":\"https:\/\/ssrs.si\/en\/noo-ceb-projects\/noo-projects\/rogaska-slatina\/\",\"name\":\"Roga\u0161ka Slatina - Stanovanjski Sklad Republike Slovenije, Javni Sklad\",\"isPartOf\":{\"@id\":\"https:\/\/ssrs.si\/#website\"},\"primaryImageOfPage\":{\"@id\":\"https:\/\/ssrs.si\/en\/noo-ceb-projects\/noo-projects\/rogaska-slatina\/#primaryimage\"},\"image\":{\"@id\":\"https:\/\/ssrs.si\/en\/noo-ceb-projects\/noo-projects\/rogaska-slatina\/#primaryimage\"},\"thumbnailUrl\":\"https:\/\/ssrs.si\/wp-content\/uploads\/2022\/10\/mediaspeedX6816-300x200.jpg\",\"datePublished\":\"2022-09-27T08:22:28+00:00\",\"dateModified\":\"2023-10-11T08:18:24+00:00\",\"breadcrumb\":{\"@id\":\"https:\/\/ssrs.si\/en\/noo-ceb-projects\/noo-projects\/rogaska-slatina\/#breadcrumb\"},\"inLanguage\":\"en-US\",\"potentialAction\":[{\"@type\":\"ReadAction\",\"target\":[\"https:\/\/ssrs.si\/en\/noo-ceb-projects\/noo-projects\/rogaska-slatina\/\"]}]},{\"@type\":\"ImageObject\",\"inLanguage\":\"en-US\",\"@id\":\"https:\/\/ssrs.si\/en\/noo-ceb-projects\/noo-projects\/rogaska-slatina\/#primaryimage\",\"url\":\"https:\/\/ssrs.si\/wp-content\/uploads\/2022\/10\/mediaspeedX6816-300x200.jpg\",\"contentUrl\":\"https:\/\/ssrs.si\/wp-content\/uploads\/2022\/10\/mediaspeedX6816-300x200.jpg\"},{\"@type\":\"BreadcrumbList\",\"@id\":\"https:\/\/ssrs.si\/en\/noo-ceb-projects\/noo-projects\/rogaska-slatina\/#breadcrumb\",\"itemListElement\":[{\"@type\":\"ListItem\",\"position\":1,\"name\":\"Home\",\"item\":\"https:\/\/ssrs.si\/\"},{\"@type\":\"ListItem\",\"position\":2,\"name\":\"NOO\/CEB PROJECTS\",\"item\":\"https:\/\/ssrs.si\/en\/noo-ceb-projects\/\"},{\"@type\":\"ListItem\",\"position\":3,\"name\":\"NOO projects\",\"item\":\"https:\/\/ssrs.si\/en\/noo-ceb-projects\/noo-projects\/\"},{\"@type\":\"ListItem\",\"position\":4,\"name\":\"Roga\u0161ka Slatina\"}]},{\"@type\":\"WebSite\",\"@id\":\"https:\/\/ssrs.si\/#website\",\"url\":\"https:\/\/ssrs.si\/\",\"name\":\"SSRS\",\"description\":\"Stanovanjski Sklad Republike Slovenije, Javni Sklad\",\"potentialAction\":[{\"@type\":\"SearchAction\",\"target\":{\"@type\":\"EntryPoint\",\"urlTemplate\":\"https:\/\/ssrs.si\/?s={search_term_string}\"},\"query-input\":{\"@type\":\"PropertyValueSpecification\",\"valueRequired\":true,\"valueName\":\"search_term_string\"}}],\"inLanguage\":\"en-US\"}]}<\/script>\n<!-- \/ Yoast SEO plugin. -->","yoast_head_json":{"title":"Roga\u0161ka Slatina - Stanovanjski Sklad Republike Slovenije, Javni Sklad","robots":{"index":"index","follow":"follow","max-snippet":"max-snippet:-1","max-image-preview":"max-image-preview:large","max-video-preview":"max-video-preview:-1"},"canonical":"https:\/\/ssrs.si\/en\/noo-ceb-projects\/noo-projects\/rogaska-slatina\/","twitter_card":"summary_large_image","twitter_title":"Roga\u0161ka Slatina - Stanovanjski Sklad Republike Slovenije, Javni Sklad","twitter_description":"SERVICED HOUSING UNITS ROGA\u0160KA SLATINA \u2013 KIDRI\u010cEVA ULICA &nbsp; The operation is part-financed by the European Union under the Recovery and Resilience Facility.\u00a0The operation is implemented under Component 16: &#8220;Housing Policy, Investment: Providing public rental housing units.\u201d &nbsp; THE FINAL RECIPIENT:\u00a0Housing Fund RS TOTAL PROJECT VALUE:\u00a0EUR 482,068 &nbsp; At the beginning of 2022, the Municipality [&hellip;]","twitter_image":"https:\/\/ssrs.si\/wp-content\/uploads\/2022\/10\/mediaspeedX6816-300x200.jpg","twitter_misc":{"Est. reading time":"2 minutes"},"schema":{"@context":"https:\/\/schema.org","@graph":[{"@type":"WebPage","@id":"https:\/\/ssrs.si\/en\/noo-ceb-projects\/noo-projects\/rogaska-slatina\/","url":"https:\/\/ssrs.si\/en\/noo-ceb-projects\/noo-projects\/rogaska-slatina\/","name":"Roga\u0161ka Slatina - Stanovanjski Sklad Republike Slovenije, Javni Sklad","isPartOf":{"@id":"https:\/\/ssrs.si\/#website"},"primaryImageOfPage":{"@id":"https:\/\/ssrs.si\/en\/noo-ceb-projects\/noo-projects\/rogaska-slatina\/#primaryimage"},"image":{"@id":"https:\/\/ssrs.si\/en\/noo-ceb-projects\/noo-projects\/rogaska-slatina\/#primaryimage"},"thumbnailUrl":"https:\/\/ssrs.si\/wp-content\/uploads\/2022\/10\/mediaspeedX6816-300x200.jpg","datePublished":"2022-09-27T08:22:28+00:00","dateModified":"2023-10-11T08:18:24+00:00","breadcrumb":{"@id":"https:\/\/ssrs.si\/en\/noo-ceb-projects\/noo-projects\/rogaska-slatina\/#breadcrumb"},"inLanguage":"en-US","potentialAction":[{"@type":"ReadAction","target":["https:\/\/ssrs.si\/en\/noo-ceb-projects\/noo-projects\/rogaska-slatina\/"]}]},{"@type":"ImageObject","inLanguage":"en-US","@id":"https:\/\/ssrs.si\/en\/noo-ceb-projects\/noo-projects\/rogaska-slatina\/#primaryimage","url":"https:\/\/ssrs.si\/wp-content\/uploads\/2022\/10\/mediaspeedX6816-300x200.jpg","contentUrl":"https:\/\/ssrs.si\/wp-content\/uploads\/2022\/10\/mediaspeedX6816-300x200.jpg"},{"@type":"BreadcrumbList","@id":"https:\/\/ssrs.si\/en\/noo-ceb-projects\/noo-projects\/rogaska-slatina\/#breadcrumb","itemListElement":[{"@type":"ListItem","position":1,"name":"Home","item":"https:\/\/ssrs.si\/"},{"@type":"ListItem","position":2,"name":"NOO\/CEB PROJECTS","item":"https:\/\/ssrs.si\/en\/noo-ceb-projects\/"},{"@type":"ListItem","position":3,"name":"NOO projects","item":"https:\/\/ssrs.si\/en\/noo-ceb-projects\/noo-projects\/"},{"@type":"ListItem","position":4,"name":"Roga\u0161ka Slatina"}]},{"@type":"WebSite","@id":"https:\/\/ssrs.si\/#website","url":"https:\/\/ssrs.si\/","name":"SSRS","description":"Stanovanjski Sklad Republike Slovenije, Javni Sklad","potentialAction":[{"@type":"SearchAction","target":{"@type":"EntryPoint","urlTemplate":"https:\/\/ssrs.si\/?s={search_term_string}"},"query-input":{"@type":"PropertyValueSpecification","valueRequired":true,"valueName":"search_term_string"}}],"inLanguage":"en-US"}]}},"_links":{"self":[{"href":"https:\/\/ssrs.si\/en\/wp-json\/wp\/v2\/pages\/17015"}],"collection":[{"href":"https:\/\/ssrs.si\/en\/wp-json\/wp\/v2\/pages"}],"about":[{"href":"https:\/\/ssrs.si\/en\/wp-json\/wp\/v2\/types\/page"}],"author":[{"embeddable":true,"href":"https:\/\/ssrs.si\/en\/wp-json\/wp\/v2\/users\/1"}],"replies":[{"embeddable":true,"href":"https:\/\/ssrs.si\/en\/wp-json\/wp\/v2\/comments?post=17015"}],"version-history":[{"count":3,"href":"https:\/\/ssrs.si\/en\/wp-json\/wp\/v2\/pages\/17015\/revisions"}],"predecessor-version":[{"id":17309,"href":"https:\/\/ssrs.si\/en\/wp-json\/wp\/v2\/pages\/17015\/revisions\/17309"}],"up":[{"embeddable":true,"href":"https:\/\/ssrs.si\/en\/wp-json\/wp\/v2\/pages\/17002"}],"wp:attachment":[{"href":"https:\/\/ssrs.si\/en\/wp-json\/wp\/v2\/media?parent=17015"}],"wp:term":[{"taxonomy":"category","embeddable":true,"href":"https:\/\/ssrs.si\/en\/wp-json\/wp\/v2\/categories?post=17015"}],"curies":[{"name":"wp","href":"https:\/\/api.w.org\/{rel}","templated":true}]}}