{"id":17022,"date":"2022-09-27T10:19:29","date_gmt":"2022-09-27T08:19:29","guid":{"rendered":"https:\/\/ssrs.si\/noo-ceb-projects\/noo-projects\/smarje-pri-jelsah\/"},"modified":"2023-10-11T10:20:15","modified_gmt":"2023-10-11T08:20:15","slug":"smarje-pri-jelsah","status":"publish","type":"page","link":"https:\/\/ssrs.si\/en\/noo-ceb-projects\/noo-projects\/smarje-pri-jelsah\/","title":{"rendered":"\u0160marje pri Jel\u0161ah"},"content":{"rendered":"<h3>SERVICED APARTMENTS \u0160MARJE PRI JEL\u0160AH \u2013 BUILDING O1, OB RAKE\u017dEVI ULICI STREET<\/h3>\n<p>&nbsp;<\/p>\n<p><strong>The operation is part-financed by the European Union under the Recovery and Resilience Facility. The operation is implemented under Component 16: &#8220;Housing Policy, Investment: Providing public rental housing units.\u201d<\/strong><\/p>\n<p>THE FINAL RECIPIENT:\u00a0Housing Fund RS<\/p>\n<p>TOTAL PROJECT VALUE:\u00a0EUR 1,441,309.57<\/p>\n<p>EU CO-FUNDING: EUR 656,990.67<\/p>\n<p>In October 2020, the Municipality of \u0160marje pri Jel\u0161ah submitted an application to the Co-financing Programme for the provision of housing units for elderly 2017-2020.<\/p>\n<p>Under the Programme, the Housing Fund of the Republic of Slovenia ensures the planned implementation of the basic objectives of co-financing the construction of new public rental housing units in local communities.<\/p>\n<p>On the basis of the decision of the NS SSRSF and the concluded co-investor agreement, sale agreement and addendum to the sale agreement, the Housing Fund of the Republic of Slovenia will cofinance the investment of the Municipality of \u0160marje pri Jel\u0161ah in the amount of EUR 1,416,909.57 including VAT, thus becoming the owner of 15 serviced housing units with a total area of 674.67 m<sup>2<\/sup> of living space in the O1 building in \u0160marje pri Jel\u0161ah. Together with the Municipality of \u0160marje pri Jel\u0161ah, this will provide 30 new public housing units at non-profit rent in the new facility, which are expected to be available by summer 2023.<\/p>\n<p>The Fund has obtained approval for EU co-financing under the Resilience and Recovery Plan, Component 16, for the purchase of 15 serviced housing units: Housing policy, investment: Providing public rental housing units.&#8221; amounting to EUR 656,990.<\/p>\n<p>The two buildings, with a total of 30 serviced housing units, are located in a quiet environment amidst greenery next to the existing \u0160marje pri Jel\u0161ah Retirement Home and just a stone&#8217;s throw away from shops and services. The building consists of a ground floor and two floors. Each housing unit includes a living and sleeping area, a balcony\/terrace, a personal hygiene area and a storage room within the housing unit or on the same floor outside the housing unit. All housing units are equipped with kitchens and sanitary facilities in the bathrooms. The outdoor terrace of the serviced housing units on the 1st floor is connected to a two-level car park with 12 parking spaces; two additional visitor car parks are located at the entrance to the ground floor. On the ground floor, there is a naturally lit common area (kitchen, bathroom, laundry room), designed for socialising. The location of the serviced housing units provides a functional link to the Retirement Home, which can also provide services to meet the needs of serviced housing units\u2019 residents: health services, meals, cleaning and laundry, multi-purpose rooms for socialising, cultural and artistic activities, occupational therapy and more.<\/p>\n<p>&nbsp;<\/p>\nngg_shortcode_0_placeholder\n","protected":false},"excerpt":{"rendered":"<p>SERVICED APARTMENTS \u0160MARJE PRI JEL\u0160AH \u2013 BUILDING O1, OB RAKE\u017dEVI ULICI STREET &nbsp; The operation is part-financed by the European Union under the Recovery and Resilience Facility. The operation is implemented under Component 16: &#8220;Housing Policy, Investment: Providing public rental housing units.\u201d THE FINAL RECIPIENT:\u00a0Housing Fund RS TOTAL PROJECT VALUE:\u00a0EUR 1,441,309.57 EU CO-FUNDING: EUR 656,990.67 [&hellip;]<\/p>\n","protected":false},"author":1,"featured_media":0,"parent":17002,"menu_order":145,"comment_status":"closed","ping_status":"closed","template":"","meta":{"ngg_post_thumbnail":0,"footnotes":"","_links_to":"","_links_to_target":""},"categories":[],"class_list":["post-17022","page","type-page","status-publish","hentry"],"yoast_head":"<!-- This site is optimized with the Yoast SEO plugin v23.4 - https:\/\/yoast.com\/wordpress\/plugins\/seo\/ -->\n<title>\u0160marje pri Jel\u0161ah - Stanovanjski Sklad Republike Slovenije, Javni Sklad<\/title>\n<meta name=\"robots\" content=\"index, follow, max-snippet:-1, max-image-preview:large, max-video-preview:-1\" \/>\n<link rel=\"canonical\" href=\"https:\/\/ssrs.si\/en\/noo-ceb-projects\/noo-projects\/smarje-pri-jelsah\/\" \/>\n<meta name=\"twitter:card\" content=\"summary_large_image\" \/>\n<meta name=\"twitter:title\" content=\"\u0160marje pri Jel\u0161ah - Stanovanjski Sklad Republike Slovenije, Javni Sklad\" \/>\n<meta name=\"twitter:description\" content=\"SERVICED APARTMENTS \u0160MARJE PRI JEL\u0160AH \u2013 BUILDING O1, OB RAKE\u017dEVI ULICI STREET &nbsp; The operation is part-financed by the European Union under the Recovery and Resilience Facility. The operation is implemented under Component 16: &#8220;Housing Policy, Investment: Providing public rental housing units.\u201d THE FINAL RECIPIENT:\u00a0Housing Fund RS TOTAL PROJECT VALUE:\u00a0EUR 1,441,309.57 EU CO-FUNDING: EUR 656,990.67 [&hellip;]\" \/>\n<meta name=\"twitter:label1\" content=\"Est. reading time\" \/>\n\t<meta name=\"twitter:data1\" content=\"2 minutes\" \/>\n<script type=\"application\/ld+json\" class=\"yoast-schema-graph\">{\"@context\":\"https:\/\/schema.org\",\"@graph\":[{\"@type\":\"WebPage\",\"@id\":\"https:\/\/ssrs.si\/en\/noo-ceb-projects\/noo-projects\/smarje-pri-jelsah\/\",\"url\":\"https:\/\/ssrs.si\/en\/noo-ceb-projects\/noo-projects\/smarje-pri-jelsah\/\",\"name\":\"\u0160marje pri Jel\u0161ah - Stanovanjski Sklad Republike Slovenije, Javni Sklad\",\"isPartOf\":{\"@id\":\"https:\/\/ssrs.si\/#website\"},\"datePublished\":\"2022-09-27T08:19:29+00:00\",\"dateModified\":\"2023-10-11T08:20:15+00:00\",\"breadcrumb\":{\"@id\":\"https:\/\/ssrs.si\/en\/noo-ceb-projects\/noo-projects\/smarje-pri-jelsah\/#breadcrumb\"},\"inLanguage\":\"en-US\",\"potentialAction\":[{\"@type\":\"ReadAction\",\"target\":[\"https:\/\/ssrs.si\/en\/noo-ceb-projects\/noo-projects\/smarje-pri-jelsah\/\"]}]},{\"@type\":\"BreadcrumbList\",\"@id\":\"https:\/\/ssrs.si\/en\/noo-ceb-projects\/noo-projects\/smarje-pri-jelsah\/#breadcrumb\",\"itemListElement\":[{\"@type\":\"ListItem\",\"position\":1,\"name\":\"Home\",\"item\":\"https:\/\/ssrs.si\/\"},{\"@type\":\"ListItem\",\"position\":2,\"name\":\"NOO\/CEB PROJECTS\",\"item\":\"https:\/\/ssrs.si\/en\/noo-ceb-projects\/\"},{\"@type\":\"ListItem\",\"position\":3,\"name\":\"NOO projects\",\"item\":\"https:\/\/ssrs.si\/en\/noo-ceb-projects\/noo-projects\/\"},{\"@type\":\"ListItem\",\"position\":4,\"name\":\"\u0160marje pri Jel\u0161ah\"}]},{\"@type\":\"WebSite\",\"@id\":\"https:\/\/ssrs.si\/#website\",\"url\":\"https:\/\/ssrs.si\/\",\"name\":\"SSRS\",\"description\":\"Stanovanjski Sklad Republike Slovenije, Javni Sklad\",\"potentialAction\":[{\"@type\":\"SearchAction\",\"target\":{\"@type\":\"EntryPoint\",\"urlTemplate\":\"https:\/\/ssrs.si\/?s={search_term_string}\"},\"query-input\":{\"@type\":\"PropertyValueSpecification\",\"valueRequired\":true,\"valueName\":\"search_term_string\"}}],\"inLanguage\":\"en-US\"}]}<\/script>\n<!-- \/ Yoast SEO plugin. -->","yoast_head_json":{"title":"\u0160marje pri Jel\u0161ah - Stanovanjski Sklad Republike Slovenije, Javni Sklad","robots":{"index":"index","follow":"follow","max-snippet":"max-snippet:-1","max-image-preview":"max-image-preview:large","max-video-preview":"max-video-preview:-1"},"canonical":"https:\/\/ssrs.si\/en\/noo-ceb-projects\/noo-projects\/smarje-pri-jelsah\/","twitter_card":"summary_large_image","twitter_title":"\u0160marje pri Jel\u0161ah - Stanovanjski Sklad Republike Slovenije, Javni Sklad","twitter_description":"SERVICED APARTMENTS \u0160MARJE PRI JEL\u0160AH \u2013 BUILDING O1, OB RAKE\u017dEVI ULICI STREET &nbsp; The operation is part-financed by the European Union under the Recovery and Resilience Facility. The operation is implemented under Component 16: &#8220;Housing Policy, Investment: Providing public rental housing units.\u201d THE FINAL RECIPIENT:\u00a0Housing Fund RS TOTAL PROJECT VALUE:\u00a0EUR 1,441,309.57 EU CO-FUNDING: EUR 656,990.67 [&hellip;]","twitter_misc":{"Est. reading time":"2 minutes"},"schema":{"@context":"https:\/\/schema.org","@graph":[{"@type":"WebPage","@id":"https:\/\/ssrs.si\/en\/noo-ceb-projects\/noo-projects\/smarje-pri-jelsah\/","url":"https:\/\/ssrs.si\/en\/noo-ceb-projects\/noo-projects\/smarje-pri-jelsah\/","name":"\u0160marje pri Jel\u0161ah - Stanovanjski Sklad Republike Slovenije, Javni Sklad","isPartOf":{"@id":"https:\/\/ssrs.si\/#website"},"datePublished":"2022-09-27T08:19:29+00:00","dateModified":"2023-10-11T08:20:15+00:00","breadcrumb":{"@id":"https:\/\/ssrs.si\/en\/noo-ceb-projects\/noo-projects\/smarje-pri-jelsah\/#breadcrumb"},"inLanguage":"en-US","potentialAction":[{"@type":"ReadAction","target":["https:\/\/ssrs.si\/en\/noo-ceb-projects\/noo-projects\/smarje-pri-jelsah\/"]}]},{"@type":"BreadcrumbList","@id":"https:\/\/ssrs.si\/en\/noo-ceb-projects\/noo-projects\/smarje-pri-jelsah\/#breadcrumb","itemListElement":[{"@type":"ListItem","position":1,"name":"Home","item":"https:\/\/ssrs.si\/"},{"@type":"ListItem","position":2,"name":"NOO\/CEB PROJECTS","item":"https:\/\/ssrs.si\/en\/noo-ceb-projects\/"},{"@type":"ListItem","position":3,"name":"NOO projects","item":"https:\/\/ssrs.si\/en\/noo-ceb-projects\/noo-projects\/"},{"@type":"ListItem","position":4,"name":"\u0160marje pri Jel\u0161ah"}]},{"@type":"WebSite","@id":"https:\/\/ssrs.si\/#website","url":"https:\/\/ssrs.si\/","name":"SSRS","description":"Stanovanjski Sklad Republike Slovenije, Javni Sklad","potentialAction":[{"@type":"SearchAction","target":{"@type":"EntryPoint","urlTemplate":"https:\/\/ssrs.si\/?s={search_term_string}"},"query-input":{"@type":"PropertyValueSpecification","valueRequired":true,"valueName":"search_term_string"}}],"inLanguage":"en-US"}]}},"_links":{"self":[{"href":"https:\/\/ssrs.si\/en\/wp-json\/wp\/v2\/pages\/17022"}],"collection":[{"href":"https:\/\/ssrs.si\/en\/wp-json\/wp\/v2\/pages"}],"about":[{"href":"https:\/\/ssrs.si\/en\/wp-json\/wp\/v2\/types\/page"}],"author":[{"embeddable":true,"href":"https:\/\/ssrs.si\/en\/wp-json\/wp\/v2\/users\/1"}],"replies":[{"embeddable":true,"href":"https:\/\/ssrs.si\/en\/wp-json\/wp\/v2\/comments?post=17022"}],"version-history":[{"count":3,"href":"https:\/\/ssrs.si\/en\/wp-json\/wp\/v2\/pages\/17022\/revisions"}],"predecessor-version":[{"id":17304,"href":"https:\/\/ssrs.si\/en\/wp-json\/wp\/v2\/pages\/17022\/revisions\/17304"}],"up":[{"embeddable":true,"href":"https:\/\/ssrs.si\/en\/wp-json\/wp\/v2\/pages\/17002"}],"wp:attachment":[{"href":"https:\/\/ssrs.si\/en\/wp-json\/wp\/v2\/media?parent=17022"}],"wp:term":[{"taxonomy":"category","embeddable":true,"href":"https:\/\/ssrs.si\/en\/wp-json\/wp\/v2\/categories?post=17022"}],"curies":[{"name":"wp","href":"https:\/\/api.w.org\/{rel}","templated":true}]}}