{"id":17036,"date":"2017-10-10T13:24:38","date_gmt":"2017-10-10T11:24:38","guid":{"rendered":"https:\/\/ssrs.si\/razpisi-eng\/"},"modified":"2023-10-20T10:59:05","modified_gmt":"2023-10-20T08:59:05","slug":"tenders","status":"publish","type":"page","link":"https:\/\/ssrs.si\/en\/tenders\/","title":{"rendered":"Tenders"},"content":{"rendered":"<h2 class=\"title\">See all calls for tender<\/h2>\n\r\n\r\n\r\n\r\n\r\n\r\n\r\n\r\n\r\n\r\n\r\n\r\n\r\n\r\n\r\n\r\n<div class=\"blockGrid cardsBG medium\"><div  class=\"blockGrid--25\" style=\"min-height:0;\" >  <div class=\"card green  border-0 rounded-0\" style=\"min-height:0;\">    <div class=\"card--image \" style=\"background-image:url();\"><h3><a href=\"https:\/\/ssrs.si\/en\/tenders\/open-calls-and-calls-for-tenders\/\"  >Open calls and calls for tenders<\/a><\/h3><\/div>  <\/div><\/div><div  class=\"blockGrid--25\" style=\"min-height:0;\" >  <div class=\"card green  border-0 rounded-0\" style=\"min-height:0;\">    <div class=\"card--image \" style=\"background-image:url(https:\/\/ssrs.si\/wp-content\/uploads\/2017\/10\/6.03-Razpisi-NATECAJI-520x520.jpg);\"><h3><a href=\"https:\/\/ssrs.si\/en\/tenders\/competitions\/\"  >Competitions<\/a><\/h3><\/div>  <\/div><\/div><div  class=\"blockGrid--25\" style=\"min-height:0;\" >  <div class=\"card green  border-0 rounded-0\" style=\"min-height:0;\">    <div class=\"card--image \" style=\"background-image:url(https:\/\/ssrs.si\/wp-content\/uploads\/2017\/10\/6.04-Razpisi-JAVNO_ZASEBNO_PARTNERSTVO-520x520.jpg);\"><h3><a href=\"https:\/\/ssrs.si\/en\/tenders\/public-private-partnership\/\"  >Public-private partnership<\/a><\/h3><\/div>  <\/div><\/div><div  class=\"blockGrid--25\" style=\"min-height:0;\" >  <div class=\"card green  border-0 rounded-0\" style=\"min-height:0;\">    <div class=\"card--image \" style=\"background-image:url(https:\/\/ssrs.si\/wp-content\/uploads\/2017\/10\/6.06-Razpisi-ZAPRTE_ZAKLJU\u010cENE_OBJAVE-520x520.jpg);\"><h3><a href=\"https:\/\/ssrs.si\/en\/tenders\/closed-finished-publications\/\"  >Closed &#8211; finished publications<\/a><\/h3><\/div>  <\/div><\/div><\/div>\n","protected":false},"excerpt":{"rendered":"<p>See all calls for tender<\/p>\n","protected":false},"author":1,"featured_media":0,"parent":0,"menu_order":164,"comment_status":"closed","ping_status":"closed","template":"","meta":{"ngg_post_thumbnail":0,"footnotes":"","_links_to":"","_links_to_target":""},"categories":[],"class_list":["post-17036","page","type-page","status-publish","hentry"],"yoast_head":"<!-- This site is optimized with the Yoast SEO plugin v23.4 - https:\/\/yoast.com\/wordpress\/plugins\/seo\/ -->\n<title>Tenders - Stanovanjski Sklad Republike Slovenije, Javni Sklad<\/title>\n<meta name=\"description\" content=\"Razpisi in pozivi za prodajo in najem stanovanj na obmo\u010dju celotne Slovenije. Sofinanciranje razli\u010dnih projektov uresni\u010dujemo z namenskimi pozivi.\" \/>\n<meta name=\"robots\" content=\"index, follow, max-snippet:-1, max-image-preview:large, max-video-preview:-1\" \/>\n<link rel=\"canonical\" href=\"https:\/\/ssrs.si\/razpisi\/\" \/>\n<meta name=\"twitter:card\" content=\"summary_large_image\" \/>\n<meta name=\"twitter:title\" content=\"Tenders - Stanovanjski Sklad Republike Slovenije, Javni Sklad\" \/>\n<meta name=\"twitter:description\" content=\"Razpisi in pozivi za prodajo in najem stanovanj na obmo\u010dju celotne Slovenije. Sofinanciranje razli\u010dnih projektov uresni\u010dujemo z namenskimi pozivi.\" \/>\n<script type=\"application\/ld+json\" class=\"yoast-schema-graph\">{\"@context\":\"https:\/\/schema.org\",\"@graph\":[{\"@type\":\"WebPage\",\"@id\":\"https:\/\/ssrs.si\/razpisi\/\",\"url\":\"https:\/\/ssrs.si\/razpisi\/\",\"name\":\"Tenders - Stanovanjski Sklad Republike Slovenije, Javni Sklad\",\"isPartOf\":{\"@id\":\"https:\/\/ssrs.si\/#website\"},\"datePublished\":\"2017-10-10T11:24:38+00:00\",\"dateModified\":\"2023-10-20T08:59:05+00:00\",\"description\":\"Razpisi in pozivi za prodajo in najem stanovanj na obmo\u010dju celotne Slovenije. Sofinanciranje razli\u010dnih projektov uresni\u010dujemo z namenskimi pozivi.\",\"breadcrumb\":{\"@id\":\"https:\/\/ssrs.si\/razpisi\/#breadcrumb\"},\"inLanguage\":\"en-US\",\"potentialAction\":[{\"@type\":\"ReadAction\",\"target\":[\"https:\/\/ssrs.si\/razpisi\/\"]}]},{\"@type\":\"BreadcrumbList\",\"@id\":\"https:\/\/ssrs.si\/razpisi\/#breadcrumb\",\"itemListElement\":[{\"@type\":\"ListItem\",\"position\":1,\"name\":\"Home\",\"item\":\"https:\/\/ssrs.si\/\"},{\"@type\":\"ListItem\",\"position\":2,\"name\":\"Tenders\"}]},{\"@type\":\"WebSite\",\"@id\":\"https:\/\/ssrs.si\/#website\",\"url\":\"https:\/\/ssrs.si\/\",\"name\":\"SSRS\",\"description\":\"Stanovanjski Sklad Republike Slovenije, Javni Sklad\",\"potentialAction\":[{\"@type\":\"SearchAction\",\"target\":{\"@type\":\"EntryPoint\",\"urlTemplate\":\"https:\/\/ssrs.si\/?s={search_term_string}\"},\"query-input\":{\"@type\":\"PropertyValueSpecification\",\"valueRequired\":true,\"valueName\":\"search_term_string\"}}],\"inLanguage\":\"en-US\"}]}<\/script>\n<!-- \/ Yoast SEO plugin. -->","yoast_head_json":{"title":"Tenders - Stanovanjski Sklad Republike Slovenije, Javni Sklad","description":"Razpisi in pozivi za prodajo in najem stanovanj na obmo\u010dju celotne Slovenije. Sofinanciranje razli\u010dnih projektov uresni\u010dujemo z namenskimi pozivi.","robots":{"index":"index","follow":"follow","max-snippet":"max-snippet:-1","max-image-preview":"max-image-preview:large","max-video-preview":"max-video-preview:-1"},"canonical":"https:\/\/ssrs.si\/razpisi\/","twitter_card":"summary_large_image","twitter_title":"Tenders - Stanovanjski Sklad Republike Slovenije, Javni Sklad","twitter_description":"Razpisi in pozivi za prodajo in najem stanovanj na obmo\u010dju celotne Slovenije. Sofinanciranje razli\u010dnih projektov uresni\u010dujemo z namenskimi pozivi.","schema":{"@context":"https:\/\/schema.org","@graph":[{"@type":"WebPage","@id":"https:\/\/ssrs.si\/razpisi\/","url":"https:\/\/ssrs.si\/razpisi\/","name":"Tenders - Stanovanjski Sklad Republike Slovenije, Javni Sklad","isPartOf":{"@id":"https:\/\/ssrs.si\/#website"},"datePublished":"2017-10-10T11:24:38+00:00","dateModified":"2023-10-20T08:59:05+00:00","description":"Razpisi in pozivi za prodajo in najem stanovanj na obmo\u010dju celotne Slovenije. Sofinanciranje razli\u010dnih projektov uresni\u010dujemo z namenskimi pozivi.","breadcrumb":{"@id":"https:\/\/ssrs.si\/razpisi\/#breadcrumb"},"inLanguage":"en-US","potentialAction":[{"@type":"ReadAction","target":["https:\/\/ssrs.si\/razpisi\/"]}]},{"@type":"BreadcrumbList","@id":"https:\/\/ssrs.si\/razpisi\/#breadcrumb","itemListElement":[{"@type":"ListItem","position":1,"name":"Home","item":"https:\/\/ssrs.si\/"},{"@type":"ListItem","position":2,"name":"Tenders"}]},{"@type":"WebSite","@id":"https:\/\/ssrs.si\/#website","url":"https:\/\/ssrs.si\/","name":"SSRS","description":"Stanovanjski Sklad Republike Slovenije, Javni Sklad","potentialAction":[{"@type":"SearchAction","target":{"@type":"EntryPoint","urlTemplate":"https:\/\/ssrs.si\/?s={search_term_string}"},"query-input":{"@type":"PropertyValueSpecification","valueRequired":true,"valueName":"search_term_string"}}],"inLanguage":"en-US"}]}},"_links":{"self":[{"href":"https:\/\/ssrs.si\/en\/wp-json\/wp\/v2\/pages\/17036"}],"collection":[{"href":"https:\/\/ssrs.si\/en\/wp-json\/wp\/v2\/pages"}],"about":[{"href":"https:\/\/ssrs.si\/en\/wp-json\/wp\/v2\/types\/page"}],"author":[{"embeddable":true,"href":"https:\/\/ssrs.si\/en\/wp-json\/wp\/v2\/users\/1"}],"replies":[{"embeddable":true,"href":"https:\/\/ssrs.si\/en\/wp-json\/wp\/v2\/comments?post=17036"}],"version-history":[{"count":1,"href":"https:\/\/ssrs.si\/en\/wp-json\/wp\/v2\/pages\/17036\/revisions"}],"predecessor-version":[{"id":17394,"href":"https:\/\/ssrs.si\/en\/wp-json\/wp\/v2\/pages\/17036\/revisions\/17394"}],"wp:attachment":[{"href":"https:\/\/ssrs.si\/en\/wp-json\/wp\/v2\/media?parent=17036"}],"wp:term":[{"taxonomy":"category","embeddable":true,"href":"https:\/\/ssrs.si\/en\/wp-json\/wp\/v2\/categories?post=17036"}],"curies":[{"name":"wp","href":"https:\/\/api.w.org\/{rel}","templated":true}]}}