{"id":17040,"date":"2017-10-13T13:53:33","date_gmt":"2017-10-13T11:53:33","guid":{"rendered":"https:\/\/ssrs.si\/razpisi-eng\/competitions\/"},"modified":"2023-10-06T11:03:30","modified_gmt":"2023-10-06T09:03:30","slug":"competitions","status":"publish","type":"page","link":"https:\/\/ssrs.si\/en\/tenders\/competitions\/","title":{"rendered":"Competitions"},"content":{"rendered":"<p><em>There are currently no publications.<\/em><\/p>\n<p>&nbsp;<\/p>\n<p><span style=\"color: #ffffff;\"><strong>SOSESKA NOVO POBRE\u017dJE &#8211; MARIBOR<\/strong><\/span><\/p>\n<p><span style=\"color: #ffffff;\"><strong>Odprti, enostopenjski, projektni nate\u010daj za izbiro strokovno najprimernej\u0161e re\u0161itve in izbiro izdelovalca projektne dokumentacije za: SOSESKA NOVO POBRE\u017dJE &#8211; MARIBOR<\/strong><\/span><\/p>\n<p>&nbsp;<\/p>\n<p><span style=\"color: #ffffff;\"><strong>Predmet projektnega nate\u010daja:<\/strong> Stanovanjski sklad Republike Slovenije, javni sklad na\u010drtuje v Mariboru v Mestni \u010detrti Pobre\u017eje gradnjo nove stanovanjske soseske Novo Pobre\u017eje, kjer je predvidenih ve\u010d objektov ve\u010dstanovanjske gradnje s stanovanji, ki jih bo investitor oddajal v javni najem skladno z RNSP 2015-2025. Stanovanja bodo namenjena vsem zainteresiranim prosilcem. Predvidenih je od 420 do 450 stanovanj, od tega 60 oskrbovanih stanovanj za starej\u0161e, v okviru soseske pa bo mo\u017ena tudi ureditev javnih programov, kot je medgeneracijski center, prostori za potrebe mladinskih dejavnosti, krajevna knji\u017enica in manj\u0161i lokali s storitveno dejavnostjo.<\/span><\/p>\n<p><span style=\"color: #ffffff;\">Projektna re\u0161itev bo pridobljena z enostopenjskim javnim projektnim nate\u010dajem, na katerem bodo izbrane urbanisti\u010dno in arhitekturno najustreznej\u0161e re\u0161itve za posamezna obmo\u010dja v sklopu soseske, z \u017eeljo po nadgradnji kvalitete prostora v smislu celovitega urbanisti\u010dno krajinsko arhitekturnega oblikovanja.<\/span><\/p>\n<p><span style=\"color: #ffffff;\">Izbrane re\u0161itve bodo hkrati osnova za urbanisti\u010dno in krajinsko zasnovo obmo\u010dja OPPN za EUP Po 6S v Mariboru.<\/span><\/p>\n<p>&nbsp;<\/p>\n<p><span style=\"color: #ffffff;\"><strong>Naro\u010dnik:<\/strong> Stanovanjski sklad RS<\/span><\/p>\n<p><span style=\"color: #ffffff;\"><strong>Rok oddaje:<\/strong> 07.09.2018<\/span><\/p>\n<p><span style=\"color: #ffffff;\"><strong>Povezava na Portal JN:<\/strong> <a style=\"color: #ffffff;\" href=\"https:\/\/www.enarocanje.si\/Obrazci\/?id_obrazec=258930\">https:\/\/www.enarocanje.si\/Obrazci\/?id_obrazec=258930<\/a><\/span><\/p>\n<p><span style=\"color: #ffffff;\"><strong>Povezava do razpisne dokumentacije:<\/strong> <a style=\"color: #ffffff;\" href=\"https:\/\/www.zaps.si\/index.php?m_id=natecaji_aktualni\">https:\/\/www.zaps.si\/index.php?m_id=natecaji_aktualni<\/a> \u00ab<\/span><\/p>\n<p>&nbsp;<\/p>\n","protected":false},"excerpt":{"rendered":"<p>There are currently no publications. &nbsp; SOSESKA NOVO POBRE\u017dJE &#8211; MARIBOR Odprti, enostopenjski, projektni nate\u010daj za izbiro strokovno najprimernej\u0161e re\u0161itve in izbiro izdelovalca projektne dokumentacije za: SOSESKA NOVO POBRE\u017dJE &#8211; MARIBOR &nbsp; Predmet projektnega nate\u010daja: Stanovanjski sklad Republike Slovenije, javni sklad na\u010drtuje v Mariboru v Mestni \u010detrti Pobre\u017eje gradnjo nove stanovanjske soseske Novo Pobre\u017eje, kjer [&hellip;]<\/p>\n","protected":false},"author":1,"featured_media":0,"parent":17036,"menu_order":185,"comment_status":"closed","ping_status":"closed","template":"","meta":{"ngg_post_thumbnail":0,"footnotes":"","_links_to":"","_links_to_target":""},"categories":[],"class_list":["post-17040","page","type-page","status-publish","hentry"],"yoast_head":"<!-- This site is optimized with the Yoast SEO plugin v23.4 - https:\/\/yoast.com\/wordpress\/plugins\/seo\/ -->\n<title>Competitions - Stanovanjski Sklad Republike Slovenije, Javni Sklad<\/title>\n<meta name=\"description\" content=\"Nate\u010daji Stanovanjskega sklada Republike Slovenije. Preverite, kateri nate\u010daji so odprti in aktualni. Vabljeni k oddaji ponudbe!\" \/>\n<meta name=\"robots\" content=\"index, follow, max-snippet:-1, max-image-preview:large, max-video-preview:-1\" \/>\n<link rel=\"canonical\" href=\"https:\/\/ssrs.si\/razpisi\/natecaji\/\" \/>\n<meta name=\"twitter:card\" content=\"summary_large_image\" \/>\n<meta name=\"twitter:title\" content=\"Competitions - Stanovanjski Sklad Republike Slovenije, Javni Sklad\" \/>\n<meta name=\"twitter:description\" content=\"Nate\u010daji Stanovanjskega sklada Republike Slovenije. Preverite, kateri nate\u010daji so odprti in aktualni. Vabljeni k oddaji ponudbe!\" \/>\n<meta name=\"twitter:label1\" content=\"Est. reading time\" \/>\n\t<meta name=\"twitter:data1\" content=\"1 minute\" \/>\n<script type=\"application\/ld+json\" class=\"yoast-schema-graph\">{\"@context\":\"https:\/\/schema.org\",\"@graph\":[{\"@type\":\"WebPage\",\"@id\":\"https:\/\/ssrs.si\/razpisi\/natecaji\/\",\"url\":\"https:\/\/ssrs.si\/razpisi\/natecaji\/\",\"name\":\"Competitions - Stanovanjski Sklad Republike Slovenije, Javni Sklad\",\"isPartOf\":{\"@id\":\"https:\/\/ssrs.si\/#website\"},\"datePublished\":\"2017-10-13T11:53:33+00:00\",\"dateModified\":\"2023-10-06T09:03:30+00:00\",\"description\":\"Nate\u010daji Stanovanjskega sklada Republike Slovenije. Preverite, kateri nate\u010daji so odprti in aktualni. Vabljeni k oddaji ponudbe!\",\"breadcrumb\":{\"@id\":\"https:\/\/ssrs.si\/razpisi\/natecaji\/#breadcrumb\"},\"inLanguage\":\"en-US\",\"potentialAction\":[{\"@type\":\"ReadAction\",\"target\":[\"https:\/\/ssrs.si\/razpisi\/natecaji\/\"]}]},{\"@type\":\"BreadcrumbList\",\"@id\":\"https:\/\/ssrs.si\/razpisi\/natecaji\/#breadcrumb\",\"itemListElement\":[{\"@type\":\"ListItem\",\"position\":1,\"name\":\"Home\",\"item\":\"https:\/\/ssrs.si\/\"},{\"@type\":\"ListItem\",\"position\":2,\"name\":\"Tenders\",\"item\":\"https:\/\/ssrs.si\/razpisi\/\"},{\"@type\":\"ListItem\",\"position\":3,\"name\":\"Competitions\"}]},{\"@type\":\"WebSite\",\"@id\":\"https:\/\/ssrs.si\/#website\",\"url\":\"https:\/\/ssrs.si\/\",\"name\":\"SSRS\",\"description\":\"Stanovanjski Sklad Republike Slovenije, Javni Sklad\",\"potentialAction\":[{\"@type\":\"SearchAction\",\"target\":{\"@type\":\"EntryPoint\",\"urlTemplate\":\"https:\/\/ssrs.si\/?s={search_term_string}\"},\"query-input\":{\"@type\":\"PropertyValueSpecification\",\"valueRequired\":true,\"valueName\":\"search_term_string\"}}],\"inLanguage\":\"en-US\"}]}<\/script>\n<!-- \/ Yoast SEO plugin. -->","yoast_head_json":{"title":"Competitions - Stanovanjski Sklad Republike Slovenije, Javni Sklad","description":"Nate\u010daji Stanovanjskega sklada Republike Slovenije. Preverite, kateri nate\u010daji so odprti in aktualni. Vabljeni k oddaji ponudbe!","robots":{"index":"index","follow":"follow","max-snippet":"max-snippet:-1","max-image-preview":"max-image-preview:large","max-video-preview":"max-video-preview:-1"},"canonical":"https:\/\/ssrs.si\/razpisi\/natecaji\/","twitter_card":"summary_large_image","twitter_title":"Competitions - Stanovanjski Sklad Republike Slovenije, Javni Sklad","twitter_description":"Nate\u010daji Stanovanjskega sklada Republike Slovenije. Preverite, kateri nate\u010daji so odprti in aktualni. Vabljeni k oddaji ponudbe!","twitter_misc":{"Est. reading time":"1 minute"},"schema":{"@context":"https:\/\/schema.org","@graph":[{"@type":"WebPage","@id":"https:\/\/ssrs.si\/razpisi\/natecaji\/","url":"https:\/\/ssrs.si\/razpisi\/natecaji\/","name":"Competitions - Stanovanjski Sklad Republike Slovenije, Javni Sklad","isPartOf":{"@id":"https:\/\/ssrs.si\/#website"},"datePublished":"2017-10-13T11:53:33+00:00","dateModified":"2023-10-06T09:03:30+00:00","description":"Nate\u010daji Stanovanjskega sklada Republike Slovenije. Preverite, kateri nate\u010daji so odprti in aktualni. Vabljeni k oddaji ponudbe!","breadcrumb":{"@id":"https:\/\/ssrs.si\/razpisi\/natecaji\/#breadcrumb"},"inLanguage":"en-US","potentialAction":[{"@type":"ReadAction","target":["https:\/\/ssrs.si\/razpisi\/natecaji\/"]}]},{"@type":"BreadcrumbList","@id":"https:\/\/ssrs.si\/razpisi\/natecaji\/#breadcrumb","itemListElement":[{"@type":"ListItem","position":1,"name":"Home","item":"https:\/\/ssrs.si\/"},{"@type":"ListItem","position":2,"name":"Tenders","item":"https:\/\/ssrs.si\/razpisi\/"},{"@type":"ListItem","position":3,"name":"Competitions"}]},{"@type":"WebSite","@id":"https:\/\/ssrs.si\/#website","url":"https:\/\/ssrs.si\/","name":"SSRS","description":"Stanovanjski Sklad Republike Slovenije, Javni Sklad","potentialAction":[{"@type":"SearchAction","target":{"@type":"EntryPoint","urlTemplate":"https:\/\/ssrs.si\/?s={search_term_string}"},"query-input":{"@type":"PropertyValueSpecification","valueRequired":true,"valueName":"search_term_string"}}],"inLanguage":"en-US"}]}},"_links":{"self":[{"href":"https:\/\/ssrs.si\/en\/wp-json\/wp\/v2\/pages\/17040"}],"collection":[{"href":"https:\/\/ssrs.si\/en\/wp-json\/wp\/v2\/pages"}],"about":[{"href":"https:\/\/ssrs.si\/en\/wp-json\/wp\/v2\/types\/page"}],"author":[{"embeddable":true,"href":"https:\/\/ssrs.si\/en\/wp-json\/wp\/v2\/users\/1"}],"replies":[{"embeddable":true,"href":"https:\/\/ssrs.si\/en\/wp-json\/wp\/v2\/comments?post=17040"}],"version-history":[{"count":1,"href":"https:\/\/ssrs.si\/en\/wp-json\/wp\/v2\/pages\/17040\/revisions"}],"predecessor-version":[{"id":17041,"href":"https:\/\/ssrs.si\/en\/wp-json\/wp\/v2\/pages\/17040\/revisions\/17041"}],"up":[{"embeddable":true,"href":"https:\/\/ssrs.si\/en\/wp-json\/wp\/v2\/pages\/17036"}],"wp:attachment":[{"href":"https:\/\/ssrs.si\/en\/wp-json\/wp\/v2\/media?parent=17040"}],"wp:term":[{"taxonomy":"category","embeddable":true,"href":"https:\/\/ssrs.si\/en\/wp-json\/wp\/v2\/categories?post=17040"}],"curies":[{"name":"wp","href":"https:\/\/api.w.org\/{rel}","templated":true}]}}