{"id":17097,"date":"2017-10-13T13:58:40","date_gmt":"2017-10-13T11:58:40","guid":{"rendered":"https:\/\/ssrs.si\/razpisi-eng\/closed-finished-publications\/closed-calls\/call-for-the-purchase-of-building-land-for-the-construction-of-student-housing-units-and-shared-student-housing-uits-and-apartment-buildings-with-student-housing-units\/"},"modified":"2017-10-13T13:58:40","modified_gmt":"2017-10-13T11:58:40","slug":"call-for-the-purchase-of-building-land-for-the-construction-of-student-housing-units-and-shared-student-housing-uits-and-apartment-buildings-with-student-housing-units","status":"publish","type":"page","link":"https:\/\/ssrs.si\/en\/tenders\/closed-finished-publications\/closed-calls\/call-for-the-purchase-of-building-land-for-the-construction-of-student-housing-units-and-shared-student-housing-uits-and-apartment-buildings-with-student-housing-units\/","title":{"rendered":"Call for the purchase of building land for the construction of student housing units and shared student housing uits and apartment buildings with student housing units"},"content":{"rendered":"<h2 class=\"title\">Attachments<\/h2>\n\r\n        <div class=\"blockGrid cardsBG small\">\r\n\r\n            \r\n                                <div class=\"blockGrid--25\">\r\n                        <div class=\"card \">\r\n                            <div class=\"card--content\">\r\n                                <div class=\"date\">Closed INVITATIONS                                <\/div>\r\n                                <h3><a href=\"http:\/\/ssrs.si\/wp-content\/uploads\/2017\/10\/Javni_poziv_za_nakup_stavbnih_zemlji___za_gradnjo__tudentskih_stanovanj_-_ZAPRT.pdf\"\r\n                                        target=\"_blank\">Javni poziv za nakup stavbnih zemlji\u0161\u010d za gradnjo \u0161tudentskih  ...<\/a>\r\n                                <\/h3>\r\n                                <div class=\"card--content-text\">                                <\/div>\r\n                            <\/div>\r\n                            <div class=\"read-more-link\"><a aria-hidden=\"true\" tabindex=\"-1\" class=\"d-flex align-items-center\"\r\n                                    href=\"http:\/\/ssrs.si\/wp-content\/uploads\/2017\/10\/Javni_poziv_za_nakup_stavbnih_zemlji___za_gradnjo__tudentskih_stanovanj_-_ZAPRT.pdf\"\r\n                                    target=\"_blank\"><i class=\"icon-arrow-down\"><\/i><span style=\"text-transform:uppercase;\">pdf                                        (58 KB)<\/span><\/a>\r\n                            <\/div>\r\n                        <\/div><!-- END card -->\r\n                    <\/div>\r\n                                <div class=\"blockGrid--25\">\r\n                        <div class=\"card \">\r\n                            <div class=\"card--content\">\r\n                                <div class=\"date\">Closed INVITATIONS                                <\/div>\r\n                                <h3><a href=\"http:\/\/ssrs.si\/wp-content\/uploads\/2017\/10\/Obvestilo_o_zaprtju_javnega_poziva.pdf\"\r\n                                        target=\"_blank\">Obvestilo o zaprtju javnega poziva<\/a>\r\n                                <\/h3>\r\n                                <div class=\"card--content-text\">                                <\/div>\r\n                            <\/div>\r\n                            <div class=\"read-more-link\"><a aria-hidden=\"true\" tabindex=\"-1\" class=\"d-flex align-items-center\"\r\n                                    href=\"http:\/\/ssrs.si\/wp-content\/uploads\/2017\/10\/Obvestilo_o_zaprtju_javnega_poziva.pdf\"\r\n                                    target=\"_blank\"><i class=\"icon-arrow-down\"><\/i><span style=\"text-transform:uppercase;\">pdf                                        (60 KB)<\/span><\/a>\r\n                            <\/div>\r\n                        <\/div><!-- END card -->\r\n                    <\/div>\r\n            \r\n        <\/div><!-- END blockGrid -->\r\n\r\n    \n","protected":false},"excerpt":{"rendered":"<p>Attachments<\/p>\n","protected":false},"author":1,"featured_media":0,"parent":17090,"menu_order":198,"comment_status":"closed","ping_status":"closed","template":"","meta":{"ngg_post_thumbnail":0,"footnotes":"","_links_to":"","_links_to_target":""},"categories":[],"class_list":["post-17097","page","type-page","status-publish","hentry"],"yoast_head":"<!-- This site is optimized with the Yoast SEO plugin v23.4 - https:\/\/yoast.com\/wordpress\/plugins\/seo\/ -->\n<title>Call for the purchase of building land for the construction of student housing units and shared student housing uits and apartment buildings with student housing units - Stanovanjski Sklad Republike Slovenije, Javni Sklad<\/title>\n<meta name=\"description\" content=\"Poziv za nakup stavbnih zemlji\u0161\u010d za gradnjo \u0161tudentskih stanovanj ter skupin \u0161tudentskih stanovanj in stanovanjskih stavb s \u0161tudentskimi stanovanji.\" \/>\n<meta name=\"robots\" content=\"index, follow, max-snippet:-1, max-image-preview:large, max-video-preview:-1\" \/>\n<link rel=\"canonical\" href=\"https:\/\/ssrs.si\/razpisi\/zaprte-zakljucene-objave\/zakljuceni-pozivi\/poziv-za-nakup-stavbnih-zemljisc-za-gradnjo-studentskih-stanovanj-ter-skupin-studentskih-stanovanj-in-stanovanjskih-stavb-s-studentskimi-stanovanji\/\" \/>\n<meta name=\"twitter:card\" content=\"summary_large_image\" \/>\n<meta name=\"twitter:title\" content=\"Call for the purchase of building land for the construction of student housing units and shared student housing uits and apartment buildings with student housing units - Stanovanjski Sklad Republike Slovenije, Javni Sklad\" \/>\n<meta name=\"twitter:description\" content=\"Poziv za nakup stavbnih zemlji\u0161\u010d za gradnjo \u0161tudentskih stanovanj ter skupin \u0161tudentskih stanovanj in stanovanjskih stavb s \u0161tudentskimi stanovanji.\" \/>\n<script type=\"application\/ld+json\" class=\"yoast-schema-graph\">{\"@context\":\"https:\/\/schema.org\",\"@graph\":[{\"@type\":\"WebPage\",\"@id\":\"https:\/\/ssrs.si\/razpisi\/zaprte-zakljucene-objave\/zakljuceni-pozivi\/poziv-za-nakup-stavbnih-zemljisc-za-gradnjo-studentskih-stanovanj-ter-skupin-studentskih-stanovanj-in-stanovanjskih-stavb-s-studentskimi-stanovanji\/\",\"url\":\"https:\/\/ssrs.si\/razpisi\/zaprte-zakljucene-objave\/zakljuceni-pozivi\/poziv-za-nakup-stavbnih-zemljisc-za-gradnjo-studentskih-stanovanj-ter-skupin-studentskih-stanovanj-in-stanovanjskih-stavb-s-studentskimi-stanovanji\/\",\"name\":\"Call for the purchase of building land for the construction of student housing units and shared student housing uits and apartment buildings with student housing units - Stanovanjski Sklad Republike Slovenije, Javni Sklad\",\"isPartOf\":{\"@id\":\"https:\/\/ssrs.si\/#website\"},\"datePublished\":\"2017-10-13T11:58:40+00:00\",\"dateModified\":\"2017-10-13T11:58:40+00:00\",\"description\":\"Poziv za nakup stavbnih zemlji\u0161\u010d za gradnjo \u0161tudentskih stanovanj ter skupin \u0161tudentskih stanovanj in stanovanjskih stavb s \u0161tudentskimi stanovanji.\",\"breadcrumb\":{\"@id\":\"https:\/\/ssrs.si\/razpisi\/zaprte-zakljucene-objave\/zakljuceni-pozivi\/poziv-za-nakup-stavbnih-zemljisc-za-gradnjo-studentskih-stanovanj-ter-skupin-studentskih-stanovanj-in-stanovanjskih-stavb-s-studentskimi-stanovanji\/#breadcrumb\"},\"inLanguage\":\"en-US\",\"potentialAction\":[{\"@type\":\"ReadAction\",\"target\":[\"https:\/\/ssrs.si\/razpisi\/zaprte-zakljucene-objave\/zakljuceni-pozivi\/poziv-za-nakup-stavbnih-zemljisc-za-gradnjo-studentskih-stanovanj-ter-skupin-studentskih-stanovanj-in-stanovanjskih-stavb-s-studentskimi-stanovanji\/\"]}]},{\"@type\":\"BreadcrumbList\",\"@id\":\"https:\/\/ssrs.si\/razpisi\/zaprte-zakljucene-objave\/zakljuceni-pozivi\/poziv-za-nakup-stavbnih-zemljisc-za-gradnjo-studentskih-stanovanj-ter-skupin-studentskih-stanovanj-in-stanovanjskih-stavb-s-studentskimi-stanovanji\/#breadcrumb\",\"itemListElement\":[{\"@type\":\"ListItem\",\"position\":1,\"name\":\"Home\",\"item\":\"https:\/\/ssrs.si\/\"},{\"@type\":\"ListItem\",\"position\":2,\"name\":\"Tenders\",\"item\":\"https:\/\/ssrs.si\/razpisi\/\"},{\"@type\":\"ListItem\",\"position\":3,\"name\":\"Closed &#8211; finished publications\",\"item\":\"https:\/\/ssrs.si\/razpisi\/zaprte-zakljucene-objave\/\"},{\"@type\":\"ListItem\",\"position\":4,\"name\":\"Closed INVITATIONS\",\"item\":\"https:\/\/ssrs.si\/razpisi\/zaprte-zakljucene-objave\/zakljuceni-pozivi\/\"},{\"@type\":\"ListItem\",\"position\":5,\"name\":\"Call for the purchase of building land for the construction of student housing units and shared student housing uits and apartment buildings with student housing units\"}]},{\"@type\":\"WebSite\",\"@id\":\"https:\/\/ssrs.si\/#website\",\"url\":\"https:\/\/ssrs.si\/\",\"name\":\"SSRS\",\"description\":\"Stanovanjski Sklad Republike Slovenije, Javni Sklad\",\"potentialAction\":[{\"@type\":\"SearchAction\",\"target\":{\"@type\":\"EntryPoint\",\"urlTemplate\":\"https:\/\/ssrs.si\/?s={search_term_string}\"},\"query-input\":{\"@type\":\"PropertyValueSpecification\",\"valueRequired\":true,\"valueName\":\"search_term_string\"}}],\"inLanguage\":\"en-US\"}]}<\/script>\n<!-- \/ Yoast SEO plugin. -->","yoast_head_json":{"title":"Call for the purchase of building land for the construction of student housing units and shared student housing uits and apartment buildings with student housing units - Stanovanjski Sklad Republike Slovenije, Javni Sklad","description":"Poziv za nakup stavbnih zemlji\u0161\u010d za gradnjo \u0161tudentskih stanovanj ter skupin \u0161tudentskih stanovanj in stanovanjskih stavb s \u0161tudentskimi stanovanji.","robots":{"index":"index","follow":"follow","max-snippet":"max-snippet:-1","max-image-preview":"max-image-preview:large","max-video-preview":"max-video-preview:-1"},"canonical":"https:\/\/ssrs.si\/razpisi\/zaprte-zakljucene-objave\/zakljuceni-pozivi\/poziv-za-nakup-stavbnih-zemljisc-za-gradnjo-studentskih-stanovanj-ter-skupin-studentskih-stanovanj-in-stanovanjskih-stavb-s-studentskimi-stanovanji\/","twitter_card":"summary_large_image","twitter_title":"Call for the purchase of building land for the construction of student housing units and shared student housing uits and apartment buildings with student housing units - Stanovanjski Sklad Republike Slovenije, Javni Sklad","twitter_description":"Poziv za nakup stavbnih zemlji\u0161\u010d za gradnjo \u0161tudentskih stanovanj ter skupin \u0161tudentskih stanovanj in stanovanjskih stavb s \u0161tudentskimi stanovanji.","schema":{"@context":"https:\/\/schema.org","@graph":[{"@type":"WebPage","@id":"https:\/\/ssrs.si\/razpisi\/zaprte-zakljucene-objave\/zakljuceni-pozivi\/poziv-za-nakup-stavbnih-zemljisc-za-gradnjo-studentskih-stanovanj-ter-skupin-studentskih-stanovanj-in-stanovanjskih-stavb-s-studentskimi-stanovanji\/","url":"https:\/\/ssrs.si\/razpisi\/zaprte-zakljucene-objave\/zakljuceni-pozivi\/poziv-za-nakup-stavbnih-zemljisc-za-gradnjo-studentskih-stanovanj-ter-skupin-studentskih-stanovanj-in-stanovanjskih-stavb-s-studentskimi-stanovanji\/","name":"Call for the purchase of building land for the construction of student housing units and shared student housing uits and apartment buildings with student housing units - Stanovanjski Sklad Republike Slovenije, Javni Sklad","isPartOf":{"@id":"https:\/\/ssrs.si\/#website"},"datePublished":"2017-10-13T11:58:40+00:00","dateModified":"2017-10-13T11:58:40+00:00","description":"Poziv za nakup stavbnih zemlji\u0161\u010d za gradnjo \u0161tudentskih stanovanj ter skupin \u0161tudentskih stanovanj in stanovanjskih stavb s \u0161tudentskimi stanovanji.","breadcrumb":{"@id":"https:\/\/ssrs.si\/razpisi\/zaprte-zakljucene-objave\/zakljuceni-pozivi\/poziv-za-nakup-stavbnih-zemljisc-za-gradnjo-studentskih-stanovanj-ter-skupin-studentskih-stanovanj-in-stanovanjskih-stavb-s-studentskimi-stanovanji\/#breadcrumb"},"inLanguage":"en-US","potentialAction":[{"@type":"ReadAction","target":["https:\/\/ssrs.si\/razpisi\/zaprte-zakljucene-objave\/zakljuceni-pozivi\/poziv-za-nakup-stavbnih-zemljisc-za-gradnjo-studentskih-stanovanj-ter-skupin-studentskih-stanovanj-in-stanovanjskih-stavb-s-studentskimi-stanovanji\/"]}]},{"@type":"BreadcrumbList","@id":"https:\/\/ssrs.si\/razpisi\/zaprte-zakljucene-objave\/zakljuceni-pozivi\/poziv-za-nakup-stavbnih-zemljisc-za-gradnjo-studentskih-stanovanj-ter-skupin-studentskih-stanovanj-in-stanovanjskih-stavb-s-studentskimi-stanovanji\/#breadcrumb","itemListElement":[{"@type":"ListItem","position":1,"name":"Home","item":"https:\/\/ssrs.si\/"},{"@type":"ListItem","position":2,"name":"Tenders","item":"https:\/\/ssrs.si\/razpisi\/"},{"@type":"ListItem","position":3,"name":"Closed &#8211; finished publications","item":"https:\/\/ssrs.si\/razpisi\/zaprte-zakljucene-objave\/"},{"@type":"ListItem","position":4,"name":"Closed INVITATIONS","item":"https:\/\/ssrs.si\/razpisi\/zaprte-zakljucene-objave\/zakljuceni-pozivi\/"},{"@type":"ListItem","position":5,"name":"Call for the purchase of building land for the construction of student housing units and shared student housing uits and apartment buildings with student housing units"}]},{"@type":"WebSite","@id":"https:\/\/ssrs.si\/#website","url":"https:\/\/ssrs.si\/","name":"SSRS","description":"Stanovanjski Sklad Republike Slovenije, Javni Sklad","potentialAction":[{"@type":"SearchAction","target":{"@type":"EntryPoint","urlTemplate":"https:\/\/ssrs.si\/?s={search_term_string}"},"query-input":{"@type":"PropertyValueSpecification","valueRequired":true,"valueName":"search_term_string"}}],"inLanguage":"en-US"}]}},"_links":{"self":[{"href":"https:\/\/ssrs.si\/en\/wp-json\/wp\/v2\/pages\/17097"}],"collection":[{"href":"https:\/\/ssrs.si\/en\/wp-json\/wp\/v2\/pages"}],"about":[{"href":"https:\/\/ssrs.si\/en\/wp-json\/wp\/v2\/types\/page"}],"author":[{"embeddable":true,"href":"https:\/\/ssrs.si\/en\/wp-json\/wp\/v2\/users\/1"}],"replies":[{"embeddable":true,"href":"https:\/\/ssrs.si\/en\/wp-json\/wp\/v2\/comments?post=17097"}],"version-history":[{"count":0,"href":"https:\/\/ssrs.si\/en\/wp-json\/wp\/v2\/pages\/17097\/revisions"}],"up":[{"embeddable":true,"href":"https:\/\/ssrs.si\/en\/wp-json\/wp\/v2\/pages\/17090"}],"wp:attachment":[{"href":"https:\/\/ssrs.si\/en\/wp-json\/wp\/v2\/media?parent=17097"}],"wp:term":[{"taxonomy":"category","embeddable":true,"href":"https:\/\/ssrs.si\/en\/wp-json\/wp\/v2\/categories?post=17097"}],"curies":[{"name":"wp","href":"https:\/\/api.w.org\/{rel}","templated":true}]}}