{"id":17104,"date":"2021-01-19T15:06:18","date_gmt":"2021-01-19T14:06:18","guid":{"rendered":"https:\/\/ssrs.si\/razpisi-eng\/closed-finished-publications\/completed-programmes\/programme-for-co-financing-of-provision-of-housing-units-for-the-elderly-from-2017-to-2020\/"},"modified":"2023-10-10T11:52:32","modified_gmt":"2023-10-10T09:52:32","slug":"programme-for-co-financing-of-provision-of-housing-units-for-the-elderly-from-2017-to-2020","status":"publish","type":"page","link":"https:\/\/ssrs.si\/en\/tenders\/closed-finished-publications\/completed-programmes\/programme-for-co-financing-of-provision-of-housing-units-for-the-elderly-from-2017-to-2020\/","title":{"rendered":"Programme for co-financing of provision of housing units for the elderly from 2017 to 2020"},"content":{"rendered":"<h2>NOTICE ON THE CO-FINANCING PROGRAMME FOR THE PROVISION OF HOUSING UNITS FOR THE ELDERLY FROM 2017 TO 2020<\/h2>\n<p>&nbsp;<\/p>\n<h3>Notice of closure of the Programme<\/h3>\n<p>The Housing Fund of the Republic of Slovenia, a public fund, hereby announces that, in accordance with the provision of point 4 of Chapter I and Chapters IV and V of the Programme for the Co-financing of the Provision of Housing Units for the Elderly in the years from 2017 to 2020 (Official Gazette of the Republic of Slovenia, No. 59\/2017, 17\/2019 and No. 54\/2020) (hereinafter: the Programme), the <strong>Programme will close on 31 December 2020. Taking into account the above-mentioned fact, the SSRS no longer accepts new applications for this Programme.<\/strong><\/p>\n<p>The applications for co-financing of projects, which arrived by 31 December 2020 and have already been decided in accordance with the provisions of the Program, are still in progress for the final realisation of the investment project. The Programme remains published on the SSRS website for consultation by contractors who are still participating in the co-financing procedures for projects under the Programme, while the prescribed application form is being removed from the website.<\/p>\n<p><strong>At the same time, we also invite all municipalities and their public funds, as well as other eligible applicants <\/strong>targeted by the Programme, to inform us in writing about planned investments in the construction of public rental housing and housing units, or other or additional forms of housing that have been identified in the municipality\/statistical region (such as different communities, intergenerational centres, etc.). SSRS will collect and analyse the responses. The data collected will be used for the adoption of the revised Programme foreseen in the Business Policy of the Housing Fund of the Republic of Slovenia for the period from 2021 to 2025, which is still in the process of adoption by the Founder. Information on the adoption of the Strategy Paper and the Programme will be published on <a href=\"https:\/\/www.ssrs.si\">www.ssrs.si.<\/a><\/p>\n<p>&nbsp;<\/p>\n<h3>Information on the implementation of the Programme<\/h3>\n<p>The Programme was adopted on the basis of the guidelines of the Resolution on the National Housing Programme 2015-2025 (ReNSP15-25) and with the aim and objective of co-financing new housing units for the elderly in municipalities and statistical regions.<\/p>\n<p>Under the Programme, EUR 4.5 million was allocated to co-finance 4 investment projects for the construction of serviced housing units in the Savinja (3 projects) and Central Sava statistical regions.<\/p>\n<p>By 2020, the project was completed in the Municipality of Velenje, where 15 serviced rental housing units were acquired. Projects in the municipalities of Kr\u0161ko, Celje and \u0160marje pri Jel\u0161ah are also being implemented, where 73 serviced housing units will be acquired. With the co-financing of the SSRS from the Programme, 88 serviced rental housing units will be provided in the municipalities.<\/p>\n<p>&nbsp;<\/p>\n<p><strong>We would like to thank all of you who have contributed to the successful implementation of the Programme for your trust and cooperation!<\/strong><\/p>\n<p>&nbsp;<\/p>\n<p><strong>Housing Fund of the Republic of Slovenia, public fund<\/strong><\/p>\n<p>&nbsp;<\/p>\n<p>Number: 35100 \u2013 7\/2017<\/p>\n<p>Date of publication online: 19 January 2021<\/p>\n<h2 class=\"title\">Attachments<\/h2>\n\r\n        <div class=\"blockGrid cardsBG small\">\r\n\r\n            \r\n                                <div class=\"blockGrid--25\">\r\n                        <div class=\"card \">\r\n                            <div class=\"card--content\">\r\n                                <div class=\"date\">Completed PROGRAMMES                                <\/div>\r\n                                <h3><a href=\"http:\/\/ssrs.si\/wp-content\/uploads\/2020\/04\/NEURADNI-\u010cISTOPIS-PROGRAMA-ZA-SOF.-SE-ZA-STAREJ\u0160E-OSEBE-V-LETIH-2017-2020.pdf\"\r\n                                        target=\"_blank\">NEURADNI \u010cISTOPIS PROGRAMA ZA SOF. SE ZA STAREJ\u0160E OSEBE V LETIH  ...<\/a>\r\n                                <\/h3>\r\n                                <div class=\"card--content-text\">                                <\/div>\r\n                            <\/div>\r\n                            <div class=\"read-more-link\"><a aria-hidden=\"true\" tabindex=\"-1\" class=\"d-flex align-items-center\"\r\n                                    href=\"http:\/\/ssrs.si\/wp-content\/uploads\/2020\/04\/NEURADNI-\u010cISTOPIS-PROGRAMA-ZA-SOF.-SE-ZA-STAREJ\u0160E-OSEBE-V-LETIH-2017-2020.pdf\"\r\n                                    target=\"_blank\"><i class=\"icon-arrow-down\"><\/i><span style=\"text-transform:uppercase;\">pdf                                        (736 KB)<\/span><\/a>\r\n                            <\/div>\r\n                        <\/div><!-- END card -->\r\n                    <\/div>\r\n                                <div class=\"blockGrid--25\">\r\n                        <div class=\"card \">\r\n                            <div class=\"card--content\">\r\n                                <div class=\"date\">Completed PROGRAMMES                                <\/div>\r\n                                <h3><a href=\"https:\/\/ssrs.si\/wp-content\/uploads\/2021\/01\/7.76-OBVESTILO-IN-INFORMACIJA-O-PROGRAMU-SE-ZA-STAREJSE.docx\"\r\n                                        target=\"_blank\">Obvestilo in informacija o programu stanovanjskih enot za starej\u0161e<\/a>\r\n                                <\/h3>\r\n                                <div class=\"card--content-text\">                                <\/div>\r\n                            <\/div>\r\n                            <div class=\"read-more-link\"><a aria-hidden=\"true\" tabindex=\"-1\" class=\"d-flex align-items-center\"\r\n                                    href=\"https:\/\/ssrs.si\/wp-content\/uploads\/2021\/01\/7.76-OBVESTILO-IN-INFORMACIJA-O-PROGRAMU-SE-ZA-STAREJSE.docx\"\r\n                                    target=\"_blank\"><i class=\"icon-arrow-down\"><\/i><span style=\"text-transform:uppercase;\">docx                                        (15 KB)<\/span><\/a>\r\n                            <\/div>\r\n                        <\/div><!-- END card -->\r\n                    <\/div>\r\n            \r\n        <\/div><!-- END blockGrid -->\r\n\r\n    \n","protected":false},"excerpt":{"rendered":"<p>NOTICE ON THE CO-FINANCING PROGRAMME FOR THE PROVISION OF HOUSING UNITS FOR THE ELDERLY FROM 2017 TO 2020 &nbsp; Notice of closure of the Programme The Housing Fund of the Republic of Slovenia, a public fund, hereby announces that, in accordance with the provision of point 4 of Chapter I and Chapters IV and V [&hellip;]<\/p>\n","protected":false},"author":1,"featured_media":0,"parent":17102,"menu_order":219,"comment_status":"closed","ping_status":"closed","template":"","meta":{"ngg_post_thumbnail":0,"footnotes":"","_links_to":"","_links_to_target":""},"categories":[],"class_list":["post-17104","page","type-page","status-publish","hentry"],"yoast_head":"<!-- This site is optimized with the Yoast SEO plugin v23.4 - https:\/\/yoast.com\/wordpress\/plugins\/seo\/ -->\n<title>Programme for co-financing of provision of housing units for the elderly from 2017 to 2020 - Stanovanjski Sklad Republike Slovenije, Javni Sklad<\/title>\n<meta name=\"robots\" content=\"index, follow, max-snippet:-1, max-image-preview:large, max-video-preview:-1\" \/>\n<link rel=\"canonical\" href=\"https:\/\/ssrs.si\/razpisi\/zaprte-zakljucene-objave\/zakljuceni-programi\/program-sofinanciranja-zagotavljanja-stanovanjskih-enot-za-starejse-v-letih-2017-do-2020\/\" \/>\n<meta name=\"twitter:card\" content=\"summary_large_image\" \/>\n<meta name=\"twitter:title\" content=\"Programme for co-financing of provision of housing units for the elderly from 2017 to 2020 - Stanovanjski Sklad Republike Slovenije, Javni Sklad\" \/>\n<meta name=\"twitter:description\" content=\"NOTICE ON THE CO-FINANCING PROGRAMME FOR THE PROVISION OF HOUSING UNITS FOR THE ELDERLY FROM 2017 TO 2020 &nbsp; Notice of closure of the Programme The Housing Fund of the Republic of Slovenia, a public fund, hereby announces that, in accordance with the provision of point 4 of Chapter I and Chapters IV and V [&hellip;]\" \/>\n<meta name=\"twitter:label1\" content=\"Est. reading time\" \/>\n\t<meta name=\"twitter:data1\" content=\"2 minutes\" \/>\n<script type=\"application\/ld+json\" class=\"yoast-schema-graph\">{\"@context\":\"https:\/\/schema.org\",\"@graph\":[{\"@type\":\"WebPage\",\"@id\":\"https:\/\/ssrs.si\/razpisi\/zaprte-zakljucene-objave\/zakljuceni-programi\/program-sofinanciranja-zagotavljanja-stanovanjskih-enot-za-starejse-v-letih-2017-do-2020\/\",\"url\":\"https:\/\/ssrs.si\/razpisi\/zaprte-zakljucene-objave\/zakljuceni-programi\/program-sofinanciranja-zagotavljanja-stanovanjskih-enot-za-starejse-v-letih-2017-do-2020\/\",\"name\":\"Programme for co-financing of provision of housing units for the elderly from 2017 to 2020 - Stanovanjski Sklad Republike Slovenije, Javni Sklad\",\"isPartOf\":{\"@id\":\"https:\/\/ssrs.si\/#website\"},\"datePublished\":\"2021-01-19T14:06:18+00:00\",\"dateModified\":\"2023-10-10T09:52:32+00:00\",\"breadcrumb\":{\"@id\":\"https:\/\/ssrs.si\/razpisi\/zaprte-zakljucene-objave\/zakljuceni-programi\/program-sofinanciranja-zagotavljanja-stanovanjskih-enot-za-starejse-v-letih-2017-do-2020\/#breadcrumb\"},\"inLanguage\":\"en-US\",\"potentialAction\":[{\"@type\":\"ReadAction\",\"target\":[\"https:\/\/ssrs.si\/razpisi\/zaprte-zakljucene-objave\/zakljuceni-programi\/program-sofinanciranja-zagotavljanja-stanovanjskih-enot-za-starejse-v-letih-2017-do-2020\/\"]}]},{\"@type\":\"BreadcrumbList\",\"@id\":\"https:\/\/ssrs.si\/razpisi\/zaprte-zakljucene-objave\/zakljuceni-programi\/program-sofinanciranja-zagotavljanja-stanovanjskih-enot-za-starejse-v-letih-2017-do-2020\/#breadcrumb\",\"itemListElement\":[{\"@type\":\"ListItem\",\"position\":1,\"name\":\"Home\",\"item\":\"https:\/\/ssrs.si\/\"},{\"@type\":\"ListItem\",\"position\":2,\"name\":\"Tenders\",\"item\":\"https:\/\/ssrs.si\/razpisi\/\"},{\"@type\":\"ListItem\",\"position\":3,\"name\":\"Closed &#8211; finished publications\",\"item\":\"https:\/\/ssrs.si\/razpisi\/zaprte-zakljucene-objave\/\"},{\"@type\":\"ListItem\",\"position\":4,\"name\":\"Completed PROGRAMMES\",\"item\":\"https:\/\/ssrs.si\/razpisi\/zaprte-zakljucene-objave\/zakljuceni-programi\/\"},{\"@type\":\"ListItem\",\"position\":5,\"name\":\"Programme for co-financing of provision of housing units for the elderly from 2017 to 2020\"}]},{\"@type\":\"WebSite\",\"@id\":\"https:\/\/ssrs.si\/#website\",\"url\":\"https:\/\/ssrs.si\/\",\"name\":\"SSRS\",\"description\":\"Stanovanjski Sklad Republike Slovenije, Javni Sklad\",\"potentialAction\":[{\"@type\":\"SearchAction\",\"target\":{\"@type\":\"EntryPoint\",\"urlTemplate\":\"https:\/\/ssrs.si\/?s={search_term_string}\"},\"query-input\":{\"@type\":\"PropertyValueSpecification\",\"valueRequired\":true,\"valueName\":\"search_term_string\"}}],\"inLanguage\":\"en-US\"}]}<\/script>\n<!-- \/ Yoast SEO plugin. -->","yoast_head_json":{"title":"Programme for co-financing of provision of housing units for the elderly from 2017 to 2020 - Stanovanjski Sklad Republike Slovenije, Javni Sklad","robots":{"index":"index","follow":"follow","max-snippet":"max-snippet:-1","max-image-preview":"max-image-preview:large","max-video-preview":"max-video-preview:-1"},"canonical":"https:\/\/ssrs.si\/razpisi\/zaprte-zakljucene-objave\/zakljuceni-programi\/program-sofinanciranja-zagotavljanja-stanovanjskih-enot-za-starejse-v-letih-2017-do-2020\/","twitter_card":"summary_large_image","twitter_title":"Programme for co-financing of provision of housing units for the elderly from 2017 to 2020 - Stanovanjski Sklad Republike Slovenije, Javni Sklad","twitter_description":"NOTICE ON THE CO-FINANCING PROGRAMME FOR THE PROVISION OF HOUSING UNITS FOR THE ELDERLY FROM 2017 TO 2020 &nbsp; Notice of closure of the Programme The Housing Fund of the Republic of Slovenia, a public fund, hereby announces that, in accordance with the provision of point 4 of Chapter I and Chapters IV and V [&hellip;]","twitter_misc":{"Est. reading time":"2 minutes"},"schema":{"@context":"https:\/\/schema.org","@graph":[{"@type":"WebPage","@id":"https:\/\/ssrs.si\/razpisi\/zaprte-zakljucene-objave\/zakljuceni-programi\/program-sofinanciranja-zagotavljanja-stanovanjskih-enot-za-starejse-v-letih-2017-do-2020\/","url":"https:\/\/ssrs.si\/razpisi\/zaprte-zakljucene-objave\/zakljuceni-programi\/program-sofinanciranja-zagotavljanja-stanovanjskih-enot-za-starejse-v-letih-2017-do-2020\/","name":"Programme for co-financing of provision of housing units for the elderly from 2017 to 2020 - Stanovanjski Sklad Republike Slovenije, Javni Sklad","isPartOf":{"@id":"https:\/\/ssrs.si\/#website"},"datePublished":"2021-01-19T14:06:18+00:00","dateModified":"2023-10-10T09:52:32+00:00","breadcrumb":{"@id":"https:\/\/ssrs.si\/razpisi\/zaprte-zakljucene-objave\/zakljuceni-programi\/program-sofinanciranja-zagotavljanja-stanovanjskih-enot-za-starejse-v-letih-2017-do-2020\/#breadcrumb"},"inLanguage":"en-US","potentialAction":[{"@type":"ReadAction","target":["https:\/\/ssrs.si\/razpisi\/zaprte-zakljucene-objave\/zakljuceni-programi\/program-sofinanciranja-zagotavljanja-stanovanjskih-enot-za-starejse-v-letih-2017-do-2020\/"]}]},{"@type":"BreadcrumbList","@id":"https:\/\/ssrs.si\/razpisi\/zaprte-zakljucene-objave\/zakljuceni-programi\/program-sofinanciranja-zagotavljanja-stanovanjskih-enot-za-starejse-v-letih-2017-do-2020\/#breadcrumb","itemListElement":[{"@type":"ListItem","position":1,"name":"Home","item":"https:\/\/ssrs.si\/"},{"@type":"ListItem","position":2,"name":"Tenders","item":"https:\/\/ssrs.si\/razpisi\/"},{"@type":"ListItem","position":3,"name":"Closed &#8211; finished publications","item":"https:\/\/ssrs.si\/razpisi\/zaprte-zakljucene-objave\/"},{"@type":"ListItem","position":4,"name":"Completed PROGRAMMES","item":"https:\/\/ssrs.si\/razpisi\/zaprte-zakljucene-objave\/zakljuceni-programi\/"},{"@type":"ListItem","position":5,"name":"Programme for co-financing of provision of housing units for the elderly from 2017 to 2020"}]},{"@type":"WebSite","@id":"https:\/\/ssrs.si\/#website","url":"https:\/\/ssrs.si\/","name":"SSRS","description":"Stanovanjski Sklad Republike Slovenije, Javni Sklad","potentialAction":[{"@type":"SearchAction","target":{"@type":"EntryPoint","urlTemplate":"https:\/\/ssrs.si\/?s={search_term_string}"},"query-input":{"@type":"PropertyValueSpecification","valueRequired":true,"valueName":"search_term_string"}}],"inLanguage":"en-US"}]}},"_links":{"self":[{"href":"https:\/\/ssrs.si\/en\/wp-json\/wp\/v2\/pages\/17104"}],"collection":[{"href":"https:\/\/ssrs.si\/en\/wp-json\/wp\/v2\/pages"}],"about":[{"href":"https:\/\/ssrs.si\/en\/wp-json\/wp\/v2\/types\/page"}],"author":[{"embeddable":true,"href":"https:\/\/ssrs.si\/en\/wp-json\/wp\/v2\/users\/1"}],"replies":[{"embeddable":true,"href":"https:\/\/ssrs.si\/en\/wp-json\/wp\/v2\/comments?post=17104"}],"version-history":[{"count":2,"href":"https:\/\/ssrs.si\/en\/wp-json\/wp\/v2\/pages\/17104\/revisions"}],"predecessor-version":[{"id":17234,"href":"https:\/\/ssrs.si\/en\/wp-json\/wp\/v2\/pages\/17104\/revisions\/17234"}],"up":[{"embeddable":true,"href":"https:\/\/ssrs.si\/en\/wp-json\/wp\/v2\/pages\/17102"}],"wp:attachment":[{"href":"https:\/\/ssrs.si\/en\/wp-json\/wp\/v2\/media?parent=17104"}],"wp:term":[{"taxonomy":"category","embeddable":true,"href":"https:\/\/ssrs.si\/en\/wp-json\/wp\/v2\/categories?post=17104"}],"curies":[{"name":"wp","href":"https:\/\/api.w.org\/{rel}","templated":true}]}}