{"id":17123,"date":"2017-10-23T19:11:50","date_gmt":"2017-10-23T17:11:50","guid":{"rendered":"https:\/\/ssrs.si\/razpisi-eng\/open-calls-and-calls-for-tenders\/call-for-housing-units-for-rent\/faq\/"},"modified":"2017-10-23T19:11:50","modified_gmt":"2017-10-23T17:11:50","slug":"faq","status":"publish","type":"page","link":"https:\/\/ssrs.si\/en\/tenders\/open-calls-and-calls-for-tenders\/call-for-housing-units-for-rent\/faq\/","title":{"rendered":"FAQ"},"content":{"rendered":"<h2 class=\"title\">Frequently asked questions<\/h2>\n<p>\r\n\r\n    <div style=\"width:100%; margin:2rem 0 2rem 0\"><em>No results to show<\/em><\/div>\r\n\r\n     \r\n        <div class=\"blockGrid cardsBG small\">\r\n\r\n            \r\n                                <div class=\"blockGrid--25\">\r\n                        <div class=\"card \">\r\n                            <div class=\"card--content\">\r\n                                <div class=\"date\">Call for housing units for rent                                <\/div>\r\n                                <h3><a href=\"https:\/\/ssrs.si\/wp-content\/uploads\/2026\/02\/Vprasanja-in-odgovori-zainteresiranim-najemnikom-_02-2026.doc\"\r\n                                        target=\"_blank\">Vpra\u0161anja in odgovori zainteresiranim najemnikom _02 2026<\/a>\r\n                                <\/h3>\r\n                                <div class=\"card--content-text\">                                <\/div>\r\n                            <\/div>\r\n                            <div class=\"read-more-link\"><a aria-hidden=\"true\" tabindex=\"-1\" class=\"d-flex align-items-center\"\r\n                                    href=\"https:\/\/ssrs.si\/wp-content\/uploads\/2026\/02\/Vprasanja-in-odgovori-zainteresiranim-najemnikom-_02-2026.doc\"\r\n                                    target=\"_blank\"><i class=\"icon-arrow-down\"><\/i><span style=\"text-transform:uppercase;\">doc                                        (270 KB)<\/span><\/a>\r\n                            <\/div>\r\n                        <\/div><!-- END card -->\r\n                    <\/div>\r\n            \r\n        <\/div><!-- END blockGrid -->\r\n\r\n    <\/p>\n","protected":false},"excerpt":{"rendered":"<p>Frequently asked questions<\/p>\n","protected":false},"author":1,"featured_media":0,"parent":17120,"menu_order":156,"comment_status":"closed","ping_status":"closed","template":"","meta":{"ngg_post_thumbnail":0,"footnotes":"","_links_to":"","_links_to_target":""},"categories":[],"class_list":["post-17123","page","type-page","status-publish","hentry"],"yoast_head":"<!-- This site is optimized with the Yoast SEO plugin v23.4 - https:\/\/yoast.com\/wordpress\/plugins\/seo\/ -->\n<title>FAQ - Stanovanjski Sklad Republike Slovenije, Javni Sklad<\/title>\n<meta name=\"description\" content=\"Pogosta vpra\u0161anja in odgovori na razpise za oddajo stanovanj v najem. Z veseljem odgovorimo na vsa va\u0161a vpra\u0161anja. Pokli\u010dite ali nam pi\u0161ite!\" \/>\n<meta name=\"robots\" content=\"index, follow, max-snippet:-1, max-image-preview:large, max-video-preview:-1\" \/>\n<link rel=\"canonical\" href=\"https:\/\/ssrs.si\/en\/tenders\/open-calls-and-calls-for-tenders\/call-for-housing-units-for-rent\/faq\/\" \/>\n<meta name=\"twitter:card\" content=\"summary_large_image\" \/>\n<meta name=\"twitter:title\" content=\"FAQ - Stanovanjski Sklad Republike Slovenije, Javni Sklad\" \/>\n<meta name=\"twitter:description\" content=\"Pogosta vpra\u0161anja in odgovori na razpise za oddajo stanovanj v najem. Z veseljem odgovorimo na vsa va\u0161a vpra\u0161anja. Pokli\u010dite ali nam pi\u0161ite!\" \/>\n<script type=\"application\/ld+json\" class=\"yoast-schema-graph\">{\"@context\":\"https:\/\/schema.org\",\"@graph\":[{\"@type\":\"WebPage\",\"@id\":\"https:\/\/ssrs.si\/en\/tenders\/open-calls-and-calls-for-tenders\/call-for-housing-units-for-rent\/faq\/\",\"url\":\"https:\/\/ssrs.si\/en\/tenders\/open-calls-and-calls-for-tenders\/call-for-housing-units-for-rent\/faq\/\",\"name\":\"FAQ - Stanovanjski Sklad Republike Slovenije, Javni Sklad\",\"isPartOf\":{\"@id\":\"https:\/\/ssrs.si\/#website\"},\"datePublished\":\"2017-10-23T17:11:50+00:00\",\"dateModified\":\"2017-10-23T17:11:50+00:00\",\"description\":\"Pogosta vpra\u0161anja in odgovori na razpise za oddajo stanovanj v najem. Z veseljem odgovorimo na vsa va\u0161a vpra\u0161anja. Pokli\u010dite ali nam pi\u0161ite!\",\"breadcrumb\":{\"@id\":\"https:\/\/ssrs.si\/en\/tenders\/open-calls-and-calls-for-tenders\/call-for-housing-units-for-rent\/faq\/#breadcrumb\"},\"inLanguage\":\"en-US\",\"potentialAction\":[{\"@type\":\"ReadAction\",\"target\":[\"https:\/\/ssrs.si\/en\/tenders\/open-calls-and-calls-for-tenders\/call-for-housing-units-for-rent\/faq\/\"]}]},{\"@type\":\"BreadcrumbList\",\"@id\":\"https:\/\/ssrs.si\/en\/tenders\/open-calls-and-calls-for-tenders\/call-for-housing-units-for-rent\/faq\/#breadcrumb\",\"itemListElement\":[{\"@type\":\"ListItem\",\"position\":1,\"name\":\"Home\",\"item\":\"https:\/\/ssrs.si\/\"},{\"@type\":\"ListItem\",\"position\":2,\"name\":\"Tenders\",\"item\":\"https:\/\/ssrs.si\/razpisi\/\"},{\"@type\":\"ListItem\",\"position\":3,\"name\":\"Open calls and calls for tenders\",\"item\":\"https:\/\/ssrs.si\/en\/tenders\/open-calls-and-calls-for-tenders\/\"},{\"@type\":\"ListItem\",\"position\":4,\"name\":\"Call for housing units for rent\",\"item\":\"https:\/\/ssrs.si\/en\/tenders\/open-calls-and-calls-for-tenders\/call-for-housing-units-for-rent\/\"},{\"@type\":\"ListItem\",\"position\":5,\"name\":\"FAQ\"}]},{\"@type\":\"WebSite\",\"@id\":\"https:\/\/ssrs.si\/#website\",\"url\":\"https:\/\/ssrs.si\/\",\"name\":\"SSRS\",\"description\":\"Stanovanjski Sklad Republike Slovenije, Javni Sklad\",\"potentialAction\":[{\"@type\":\"SearchAction\",\"target\":{\"@type\":\"EntryPoint\",\"urlTemplate\":\"https:\/\/ssrs.si\/?s={search_term_string}\"},\"query-input\":{\"@type\":\"PropertyValueSpecification\",\"valueRequired\":true,\"valueName\":\"search_term_string\"}}],\"inLanguage\":\"en-US\"}]}<\/script>\n<!-- \/ Yoast SEO plugin. -->","yoast_head_json":{"title":"FAQ - Stanovanjski Sklad Republike Slovenije, Javni Sklad","description":"Pogosta vpra\u0161anja in odgovori na razpise za oddajo stanovanj v najem. Z veseljem odgovorimo na vsa va\u0161a vpra\u0161anja. Pokli\u010dite ali nam pi\u0161ite!","robots":{"index":"index","follow":"follow","max-snippet":"max-snippet:-1","max-image-preview":"max-image-preview:large","max-video-preview":"max-video-preview:-1"},"canonical":"https:\/\/ssrs.si\/en\/tenders\/open-calls-and-calls-for-tenders\/call-for-housing-units-for-rent\/faq\/","twitter_card":"summary_large_image","twitter_title":"FAQ - Stanovanjski Sklad Republike Slovenije, Javni Sklad","twitter_description":"Pogosta vpra\u0161anja in odgovori na razpise za oddajo stanovanj v najem. Z veseljem odgovorimo na vsa va\u0161a vpra\u0161anja. Pokli\u010dite ali nam pi\u0161ite!","schema":{"@context":"https:\/\/schema.org","@graph":[{"@type":"WebPage","@id":"https:\/\/ssrs.si\/en\/tenders\/open-calls-and-calls-for-tenders\/call-for-housing-units-for-rent\/faq\/","url":"https:\/\/ssrs.si\/en\/tenders\/open-calls-and-calls-for-tenders\/call-for-housing-units-for-rent\/faq\/","name":"FAQ - Stanovanjski Sklad Republike Slovenije, Javni Sklad","isPartOf":{"@id":"https:\/\/ssrs.si\/#website"},"datePublished":"2017-10-23T17:11:50+00:00","dateModified":"2017-10-23T17:11:50+00:00","description":"Pogosta vpra\u0161anja in odgovori na razpise za oddajo stanovanj v najem. Z veseljem odgovorimo na vsa va\u0161a vpra\u0161anja. Pokli\u010dite ali nam pi\u0161ite!","breadcrumb":{"@id":"https:\/\/ssrs.si\/en\/tenders\/open-calls-and-calls-for-tenders\/call-for-housing-units-for-rent\/faq\/#breadcrumb"},"inLanguage":"en-US","potentialAction":[{"@type":"ReadAction","target":["https:\/\/ssrs.si\/en\/tenders\/open-calls-and-calls-for-tenders\/call-for-housing-units-for-rent\/faq\/"]}]},{"@type":"BreadcrumbList","@id":"https:\/\/ssrs.si\/en\/tenders\/open-calls-and-calls-for-tenders\/call-for-housing-units-for-rent\/faq\/#breadcrumb","itemListElement":[{"@type":"ListItem","position":1,"name":"Home","item":"https:\/\/ssrs.si\/"},{"@type":"ListItem","position":2,"name":"Tenders","item":"https:\/\/ssrs.si\/razpisi\/"},{"@type":"ListItem","position":3,"name":"Open calls and calls for tenders","item":"https:\/\/ssrs.si\/en\/tenders\/open-calls-and-calls-for-tenders\/"},{"@type":"ListItem","position":4,"name":"Call for housing units for rent","item":"https:\/\/ssrs.si\/en\/tenders\/open-calls-and-calls-for-tenders\/call-for-housing-units-for-rent\/"},{"@type":"ListItem","position":5,"name":"FAQ"}]},{"@type":"WebSite","@id":"https:\/\/ssrs.si\/#website","url":"https:\/\/ssrs.si\/","name":"SSRS","description":"Stanovanjski Sklad Republike Slovenije, Javni Sklad","potentialAction":[{"@type":"SearchAction","target":{"@type":"EntryPoint","urlTemplate":"https:\/\/ssrs.si\/?s={search_term_string}"},"query-input":{"@type":"PropertyValueSpecification","valueRequired":true,"valueName":"search_term_string"}}],"inLanguage":"en-US"}]}},"_links":{"self":[{"href":"https:\/\/ssrs.si\/en\/wp-json\/wp\/v2\/pages\/17123"}],"collection":[{"href":"https:\/\/ssrs.si\/en\/wp-json\/wp\/v2\/pages"}],"about":[{"href":"https:\/\/ssrs.si\/en\/wp-json\/wp\/v2\/types\/page"}],"author":[{"embeddable":true,"href":"https:\/\/ssrs.si\/en\/wp-json\/wp\/v2\/users\/1"}],"replies":[{"embeddable":true,"href":"https:\/\/ssrs.si\/en\/wp-json\/wp\/v2\/comments?post=17123"}],"version-history":[{"count":0,"href":"https:\/\/ssrs.si\/en\/wp-json\/wp\/v2\/pages\/17123\/revisions"}],"up":[{"embeddable":true,"href":"https:\/\/ssrs.si\/en\/wp-json\/wp\/v2\/pages\/17120"}],"wp:attachment":[{"href":"https:\/\/ssrs.si\/en\/wp-json\/wp\/v2\/media?parent=17123"}],"wp:term":[{"taxonomy":"category","embeddable":true,"href":"https:\/\/ssrs.si\/en\/wp-json\/wp\/v2\/categories?post=17123"}],"curies":[{"name":"wp","href":"https:\/\/api.w.org\/{rel}","templated":true}]}}