{"id":17140,"date":"2017-10-10T15:30:49","date_gmt":"2017-10-10T13:30:49","guid":{"rendered":"https:\/\/ssrs.si\/about-us\/management-bodies\/"},"modified":"2025-09-09T08:30:38","modified_gmt":"2025-09-09T06:30:38","slug":"management-bodies","status":"publish","type":"page","link":"https:\/\/ssrs.si\/en\/about-us\/management-bodies\/","title":{"rendered":"Management bodies"},"content":{"rendered":"<h2><span style=\"font-size: 20px;\">The founder of the Housing Fund of the Republic of Slovenia is the Republic of Slovenia, the rights and duties of the founder are exercised by the Government of the Republic of Slovenia. The Fund&#8217;s governing bodies are the Supervisory Board and the management Board.<\/span><\/h2>\n<hr \/>\n<p><span style=\"font-size: 16px;\">The governing bodies of the Housing Fund of the Republic of Slovenia, a public fund, are the Supervisory Board and the President of the management Board. The Supervisory Board has five members. According to the Fund&#8217;s founding act, the members of the Supervisory Board are experts in the fields of housing and town planning, accounting, finance, law and real estate. One member of the Supervisory Board is a representative of the beneficiaries or users of the Fund&#8217;s services. The President of the management Board of the Fund is appointed by the Government of the Republic of Slovenia on behalf of the founder, the Republic of Slovenia.<\/span><\/p>\n<h2><span style=\"font-size: 20px;\">1. The President of the management Board<\/span><span style=\"font-size: 20px;\">:<\/span><\/h2>\n<p><img loading=\"lazy\" decoding=\"async\" style=\"margin: 15px 0;\" src=\"https:\/\/ssrs.si\/wp-content\/uploads\/2017\/10\/crtomir-remec-thumb.jpg\" alt=\"\" width=\"200\" height=\"200\" \/><br \/>\n<strong>mag. \u010crtomir Remec<\/strong><\/p>\n<p><span style=\"font-size: 16px;\">The President of the management Board of Housing Fund of the Republic of Slovenia, a public fund<\/span><\/p>\n<p>&nbsp;<\/p>\n<h3>The Supervisory Board is composed of five representatives:<\/h3>\n<p>&nbsp;<\/p>\n<p><strong>Matej \u010cepeljnik<\/strong> \u2013 Deputy<\/p>\n<p><strong>Ana \u010cerne<\/strong> \u2013 Deputy<\/p>\n<p><strong>Jasna Metli\u010dar<\/strong> \u2013 Member<\/p>\n<p><strong>Primo\u017e Brvar<\/strong> \u2013 Member<\/p>\n<p><strong>Matja\u017e Juvan\u010di\u010d<\/strong> \u2013 Member<\/p>\n<p>&nbsp;<\/p>\n<p>The Supervisory Board of the Housing Fund of the Republic of Slovenia, a public fund, is appointed by the Government of the Republic of Slovenia.<\/p>\n","protected":false},"excerpt":{"rendered":"<p>The founder of the Housing Fund of the Republic of Slovenia is the Republic of Slovenia, the rights and duties of the founder are exercised by the Government of the Republic of Slovenia. The Fund&#8217;s governing bodies are the Supervisory Board and the management Board. The governing bodies of the Housing Fund of the Republic [&hellip;]<\/p>\n","protected":false},"author":1,"featured_media":0,"parent":17135,"menu_order":247,"comment_status":"closed","ping_status":"closed","template":"","meta":{"ngg_post_thumbnail":0,"footnotes":"","_links_to":"","_links_to_target":""},"categories":[],"class_list":["post-17140","page","type-page","status-publish","hentry"],"yoast_head":"<!-- This site is optimized with the Yoast SEO plugin v23.4 - https:\/\/yoast.com\/wordpress\/plugins\/seo\/ -->\n<title>Management bodies - Stanovanjski Sklad Republike Slovenije, Javni Sklad<\/title>\n<meta name=\"description\" content=\"The founder of the Housing Fund of the Republic of Slovenia is the Republic of Slovenia, the rights and duties of the founder are exercised by the Government of the Republic of Slovenia.\" \/>\n<meta name=\"robots\" content=\"index, follow, max-snippet:-1, max-image-preview:large, max-video-preview:-1\" \/>\n<link rel=\"canonical\" href=\"https:\/\/ssrs.si\/en\/about-us\/management-bodies\/\" \/>\n<meta name=\"twitter:card\" content=\"summary_large_image\" \/>\n<meta name=\"twitter:title\" content=\"Management bodies - Stanovanjski Sklad Republike Slovenije, Javni Sklad\" \/>\n<meta name=\"twitter:description\" content=\"The founder of the Housing Fund of the Republic of Slovenia is the Republic of Slovenia, the rights and duties of the founder are exercised by the Government of the Republic of Slovenia.\" \/>\n<meta name=\"twitter:image\" content=\"https:\/\/ssrs.si\/wp-content\/uploads\/2017\/10\/crtomir-remec-thumb.jpg\" \/>\n<meta name=\"twitter:label1\" content=\"Est. reading time\" \/>\n\t<meta name=\"twitter:data1\" content=\"2 minutes\" \/>\n<script type=\"application\/ld+json\" class=\"yoast-schema-graph\">{\"@context\":\"https:\/\/schema.org\",\"@graph\":[{\"@type\":\"WebPage\",\"@id\":\"https:\/\/ssrs.si\/en\/about-us\/management-bodies\/\",\"url\":\"https:\/\/ssrs.si\/en\/about-us\/management-bodies\/\",\"name\":\"Management bodies - Stanovanjski Sklad Republike Slovenije, Javni Sklad\",\"isPartOf\":{\"@id\":\"https:\/\/ssrs.si\/#website\"},\"primaryImageOfPage\":{\"@id\":\"https:\/\/ssrs.si\/en\/about-us\/management-bodies\/#primaryimage\"},\"image\":{\"@id\":\"https:\/\/ssrs.si\/en\/about-us\/management-bodies\/#primaryimage\"},\"thumbnailUrl\":\"https:\/\/ssrs.si\/wp-content\/uploads\/2017\/10\/crtomir-remec-thumb.jpg\",\"datePublished\":\"2017-10-10T13:30:49+00:00\",\"dateModified\":\"2025-09-09T06:30:38+00:00\",\"description\":\"The founder of the Housing Fund of the Republic of Slovenia is the Republic of Slovenia, the rights and duties of the founder are exercised by the Government of the Republic of Slovenia.\",\"breadcrumb\":{\"@id\":\"https:\/\/ssrs.si\/en\/about-us\/management-bodies\/#breadcrumb\"},\"inLanguage\":\"en-US\",\"potentialAction\":[{\"@type\":\"ReadAction\",\"target\":[\"https:\/\/ssrs.si\/en\/about-us\/management-bodies\/\"]}]},{\"@type\":\"ImageObject\",\"inLanguage\":\"en-US\",\"@id\":\"https:\/\/ssrs.si\/en\/about-us\/management-bodies\/#primaryimage\",\"url\":\"https:\/\/ssrs.si\/wp-content\/uploads\/2017\/10\/crtomir-remec-thumb.jpg\",\"contentUrl\":\"https:\/\/ssrs.si\/wp-content\/uploads\/2017\/10\/crtomir-remec-thumb.jpg\"},{\"@type\":\"BreadcrumbList\",\"@id\":\"https:\/\/ssrs.si\/en\/about-us\/management-bodies\/#breadcrumb\",\"itemListElement\":[{\"@type\":\"ListItem\",\"position\":1,\"name\":\"Home\",\"item\":\"https:\/\/ssrs.si\/\"},{\"@type\":\"ListItem\",\"position\":2,\"name\":\"About us\",\"item\":\"https:\/\/ssrs.si\/o-nas\/\"},{\"@type\":\"ListItem\",\"position\":3,\"name\":\"Management bodies\"}]},{\"@type\":\"WebSite\",\"@id\":\"https:\/\/ssrs.si\/#website\",\"url\":\"https:\/\/ssrs.si\/\",\"name\":\"SSRS\",\"description\":\"Stanovanjski Sklad Republike Slovenije, Javni Sklad\",\"potentialAction\":[{\"@type\":\"SearchAction\",\"target\":{\"@type\":\"EntryPoint\",\"urlTemplate\":\"https:\/\/ssrs.si\/?s={search_term_string}\"},\"query-input\":{\"@type\":\"PropertyValueSpecification\",\"valueRequired\":true,\"valueName\":\"search_term_string\"}}],\"inLanguage\":\"en-US\"}]}<\/script>\n<!-- \/ Yoast SEO plugin. -->","yoast_head_json":{"title":"Management bodies - Stanovanjski Sklad Republike Slovenije, Javni Sklad","description":"The founder of the Housing Fund of the Republic of Slovenia is the Republic of Slovenia, the rights and duties of the founder are exercised by the Government of the Republic of Slovenia.","robots":{"index":"index","follow":"follow","max-snippet":"max-snippet:-1","max-image-preview":"max-image-preview:large","max-video-preview":"max-video-preview:-1"},"canonical":"https:\/\/ssrs.si\/en\/about-us\/management-bodies\/","twitter_card":"summary_large_image","twitter_title":"Management bodies - Stanovanjski Sklad Republike Slovenije, Javni Sklad","twitter_description":"The founder of the Housing Fund of the Republic of Slovenia is the Republic of Slovenia, the rights and duties of the founder are exercised by the Government of the Republic of Slovenia.","twitter_image":"https:\/\/ssrs.si\/wp-content\/uploads\/2017\/10\/crtomir-remec-thumb.jpg","twitter_misc":{"Est. reading time":"2 minutes"},"schema":{"@context":"https:\/\/schema.org","@graph":[{"@type":"WebPage","@id":"https:\/\/ssrs.si\/en\/about-us\/management-bodies\/","url":"https:\/\/ssrs.si\/en\/about-us\/management-bodies\/","name":"Management bodies - Stanovanjski Sklad Republike Slovenije, Javni Sklad","isPartOf":{"@id":"https:\/\/ssrs.si\/#website"},"primaryImageOfPage":{"@id":"https:\/\/ssrs.si\/en\/about-us\/management-bodies\/#primaryimage"},"image":{"@id":"https:\/\/ssrs.si\/en\/about-us\/management-bodies\/#primaryimage"},"thumbnailUrl":"https:\/\/ssrs.si\/wp-content\/uploads\/2017\/10\/crtomir-remec-thumb.jpg","datePublished":"2017-10-10T13:30:49+00:00","dateModified":"2025-09-09T06:30:38+00:00","description":"The founder of the Housing Fund of the Republic of Slovenia is the Republic of Slovenia, the rights and duties of the founder are exercised by the Government of the Republic of Slovenia.","breadcrumb":{"@id":"https:\/\/ssrs.si\/en\/about-us\/management-bodies\/#breadcrumb"},"inLanguage":"en-US","potentialAction":[{"@type":"ReadAction","target":["https:\/\/ssrs.si\/en\/about-us\/management-bodies\/"]}]},{"@type":"ImageObject","inLanguage":"en-US","@id":"https:\/\/ssrs.si\/en\/about-us\/management-bodies\/#primaryimage","url":"https:\/\/ssrs.si\/wp-content\/uploads\/2017\/10\/crtomir-remec-thumb.jpg","contentUrl":"https:\/\/ssrs.si\/wp-content\/uploads\/2017\/10\/crtomir-remec-thumb.jpg"},{"@type":"BreadcrumbList","@id":"https:\/\/ssrs.si\/en\/about-us\/management-bodies\/#breadcrumb","itemListElement":[{"@type":"ListItem","position":1,"name":"Home","item":"https:\/\/ssrs.si\/"},{"@type":"ListItem","position":2,"name":"About us","item":"https:\/\/ssrs.si\/o-nas\/"},{"@type":"ListItem","position":3,"name":"Management bodies"}]},{"@type":"WebSite","@id":"https:\/\/ssrs.si\/#website","url":"https:\/\/ssrs.si\/","name":"SSRS","description":"Stanovanjski Sklad Republike Slovenije, Javni Sklad","potentialAction":[{"@type":"SearchAction","target":{"@type":"EntryPoint","urlTemplate":"https:\/\/ssrs.si\/?s={search_term_string}"},"query-input":{"@type":"PropertyValueSpecification","valueRequired":true,"valueName":"search_term_string"}}],"inLanguage":"en-US"}]}},"_links":{"self":[{"href":"https:\/\/ssrs.si\/en\/wp-json\/wp\/v2\/pages\/17140"}],"collection":[{"href":"https:\/\/ssrs.si\/en\/wp-json\/wp\/v2\/pages"}],"about":[{"href":"https:\/\/ssrs.si\/en\/wp-json\/wp\/v2\/types\/page"}],"author":[{"embeddable":true,"href":"https:\/\/ssrs.si\/en\/wp-json\/wp\/v2\/users\/1"}],"replies":[{"embeddable":true,"href":"https:\/\/ssrs.si\/en\/wp-json\/wp\/v2\/comments?post=17140"}],"version-history":[{"count":16,"href":"https:\/\/ssrs.si\/en\/wp-json\/wp\/v2\/pages\/17140\/revisions"}],"predecessor-version":[{"id":20530,"href":"https:\/\/ssrs.si\/en\/wp-json\/wp\/v2\/pages\/17140\/revisions\/20530"}],"up":[{"embeddable":true,"href":"https:\/\/ssrs.si\/en\/wp-json\/wp\/v2\/pages\/17135"}],"wp:attachment":[{"href":"https:\/\/ssrs.si\/en\/wp-json\/wp\/v2\/media?parent=17140"}],"wp:term":[{"taxonomy":"category","embeddable":true,"href":"https:\/\/ssrs.si\/en\/wp-json\/wp\/v2\/categories?post=17140"}],"curies":[{"name":"wp","href":"https:\/\/api.w.org\/{rel}","templated":true}]}}