{"id":17141,"date":"2017-10-10T15:30:58","date_gmt":"2017-10-10T13:30:58","guid":{"rendered":"https:\/\/ssrs.si\/about-us\/commercial-policy\/"},"modified":"2017-10-10T15:30:58","modified_gmt":"2017-10-10T13:30:58","slug":"commercial-policy","status":"publish","type":"page","link":"https:\/\/ssrs.si\/en\/about-us\/commercial-policy\/","title":{"rendered":"Commercial policy"},"content":{"rendered":"<p><span style=\"font-size: 24px;\"><strong>Commercial Policy of the Housing Fund of the Republic of Slovenia, Public Fund for the period 2021-2025<\/strong><\/span><\/p>\n<p>Poslovna politika Stanovanjskega sklada RS za obdobje 2021-2025 predstavlja klju\u010dne strate\u0161ke usmeritve delovanja sklada, prikaz realizacije predhodne Poslovne politike Stanovanjskega sklada RS za obdobje 2017-2020 ter prikaz predvidenih dejavnosti, programov in nalog\u00a0 za posamezna podro\u010dja in ukrepe v predmetnem obdobju, glede na pravne in strokovne podlage in usmeritve ter cilje Resolucije o nacionalnem stanovanjskem programu 2015\u20132025 (ReNSP15\u201325, Uradni list RS, \u0161t. 92\/2015) v njenem drugem srednjero\u010dnem obdobju od leta 2021 do leta 2025. Letna realizacija Poslovne politike se spremlja in preverja z Letnim poro\u010dili Stanovanjskega sklada RS, ki jih sprejme Vlada RS.<\/p>\n<p>Vizija Sklada je postati u\u010dinkovita nacionalna finan\u010dno-nepremi\u010dninska institucija z vzpostavljenim sistemom produktov za zagotavljanje raznovrstne stanovanjske oskrbe, ki bo znotraj teh ponujala ustrezne ukrepe in instrumente z lastnim, dr\u017eavnim in tujim financiranjem ter obenem izvr\u0161evala tudi vlogo glavnega izvajalca in nosilca stanovanjske politike dr\u017eave. Postavljeni cilji poslovanja temeljijo na preteklih aktivnostih in zmo\u017enostih Stanovanjskega sklada RS za nadaljnje poslovanje ter na\u010drtovanju sprememb poslovanja v obdobju 2021 do 2025. Cilji se uresni\u010dujejo v okviru delovnih procesov Sklada.<\/p>\n<p>&nbsp;<\/p>\n\r\n        <div class=\"blockGrid cardsBG small\">\r\n\r\n            \r\n                                <div class=\"blockGrid--25\">\r\n                        <div class=\"card \">\r\n                            <div class=\"card--content\">\r\n                                <div class=\"date\">About us                                <\/div>\r\n                                <h3><a href=\"http:\/\/ssrs.si\/wp-content\/uploads\/2017\/10\/Poslovna_politika_2017-_2020-2.pdf-2.pdf\"\r\n                                        target=\"_blank\">Poslovna politika 2017 &#8211; 2020.<\/a>\r\n                                <\/h3>\r\n                                <div class=\"card--content-text\">                                <\/div>\r\n                            <\/div>\r\n                            <div class=\"read-more-link\"><a aria-hidden=\"true\" tabindex=\"-1\" class=\"d-flex align-items-center\"\r\n                                    href=\"http:\/\/ssrs.si\/wp-content\/uploads\/2017\/10\/Poslovna_politika_2017-_2020-2.pdf-2.pdf\"\r\n                                    target=\"_blank\"><i class=\"icon-arrow-down\"><\/i><span style=\"text-transform:uppercase;\">pdf                                        (650 KB)<\/span><\/a>\r\n                            <\/div>\r\n                        <\/div><!-- END card -->\r\n                    <\/div>\r\n                                <div class=\"blockGrid--25\">\r\n                        <div class=\"card \">\r\n                            <div class=\"card--content\">\r\n                                <div class=\"date\">About us                                <\/div>\r\n                                <h3><a href=\"https:\/\/ssrs.si\/wp-content\/uploads\/2022\/02\/Poslovna-politika-2021-2025.pdf\"\r\n                                        target=\"_blank\">Poslovna politika 2021 &#8211; 2025<\/a>\r\n                                <\/h3>\r\n                                <div class=\"card--content-text\">                                <\/div>\r\n                            <\/div>\r\n                            <div class=\"read-more-link\"><a aria-hidden=\"true\" tabindex=\"-1\" class=\"d-flex align-items-center\"\r\n                                    href=\"https:\/\/ssrs.si\/wp-content\/uploads\/2022\/02\/Poslovna-politika-2021-2025.pdf\"\r\n                                    target=\"_blank\"><i class=\"icon-arrow-down\"><\/i><span style=\"text-transform:uppercase;\">pdf                                        (2 MB)<\/span><\/a>\r\n                            <\/div>\r\n                        <\/div><!-- END card -->\r\n                    <\/div>\r\n                                <div class=\"blockGrid--25\">\r\n                        <div class=\"card \">\r\n                            <div class=\"card--content\">\r\n                                <div class=\"date\">About us                                <\/div>\r\n                                <h3><a href=\"https:\/\/ssrs.si\/wp-content\/uploads\/2022\/02\/priloga-1-1.pdf\"\r\n                                        target=\"_blank\">priloga 1<\/a>\r\n                                <\/h3>\r\n                                <div class=\"card--content-text\">                                <\/div>\r\n                            <\/div>\r\n                            <div class=\"read-more-link\"><a aria-hidden=\"true\" tabindex=\"-1\" class=\"d-flex align-items-center\"\r\n                                    href=\"https:\/\/ssrs.si\/wp-content\/uploads\/2022\/02\/priloga-1-1.pdf\"\r\n                                    target=\"_blank\"><i class=\"icon-arrow-down\"><\/i><span style=\"text-transform:uppercase;\">pdf                                        (198 KB)<\/span><\/a>\r\n                            <\/div>\r\n                        <\/div><!-- END card -->\r\n                    <\/div>\r\n                                <div class=\"blockGrid--25\">\r\n                        <div class=\"card \">\r\n                            <div class=\"card--content\">\r\n                                <div class=\"date\">About us                                <\/div>\r\n                                <h3><a href=\"https:\/\/ssrs.si\/wp-content\/uploads\/2022\/02\/priloga-2-1.pdf\"\r\n                                        target=\"_blank\">priloga 2<\/a>\r\n                                <\/h3>\r\n                                <div class=\"card--content-text\">                                <\/div>\r\n                            <\/div>\r\n                            <div class=\"read-more-link\"><a aria-hidden=\"true\" tabindex=\"-1\" class=\"d-flex align-items-center\"\r\n                                    href=\"https:\/\/ssrs.si\/wp-content\/uploads\/2022\/02\/priloga-2-1.pdf\"\r\n                                    target=\"_blank\"><i class=\"icon-arrow-down\"><\/i><span style=\"text-transform:uppercase;\">pdf                                        (149 KB)<\/span><\/a>\r\n                            <\/div>\r\n                        <\/div><!-- END card -->\r\n                    <\/div>\r\n            \r\n        <\/div><!-- END blockGrid -->\r\n\r\n    \n","protected":false},"excerpt":{"rendered":"<p>Commercial Policy of the Housing Fund of the Republic of Slovenia, Public Fund for the period 2021-2025 Poslovna politika Stanovanjskega sklada RS za obdobje 2021-2025 predstavlja klju\u010dne strate\u0161ke usmeritve delovanja sklada, prikaz realizacije predhodne Poslovne politike Stanovanjskega sklada RS za obdobje 2017-2020 ter prikaz predvidenih dejavnosti, programov in nalog\u00a0 za posamezna podro\u010dja in ukrepe v [&hellip;]<\/p>\n","protected":false},"author":1,"featured_media":0,"parent":17135,"menu_order":252,"comment_status":"closed","ping_status":"closed","template":"","meta":{"ngg_post_thumbnail":0,"footnotes":"","_links_to":"","_links_to_target":""},"categories":[],"class_list":["post-17141","page","type-page","status-publish","hentry"],"yoast_head":"<!-- This site is optimized with the Yoast SEO plugin v23.4 - https:\/\/yoast.com\/wordpress\/plugins\/seo\/ -->\n<title>Commercial policy - Stanovanjski Sklad Republike Slovenije, Javni Sklad<\/title>\n<meta name=\"description\" content=\"Business policy of the Housing Fund of the Republic of Slovenia, a public fund for the period 2012 \u2013 2016. Read more about the business policy.\" \/>\n<meta name=\"robots\" content=\"index, follow, max-snippet:-1, max-image-preview:large, max-video-preview:-1\" \/>\n<link rel=\"canonical\" href=\"https:\/\/ssrs.si\/o-nas\/poslovna-politika\/\" \/>\n<meta name=\"twitter:card\" content=\"summary_large_image\" \/>\n<meta name=\"twitter:title\" content=\"Commercial policy - Stanovanjski Sklad Republike Slovenije, Javni Sklad\" \/>\n<meta name=\"twitter:description\" content=\"Business policy of the Housing Fund of the Republic of Slovenia, a public fund for the period 2012 \u2013 2016. Read more about the business policy.\" \/>\n<meta name=\"twitter:label1\" content=\"Est. reading time\" \/>\n\t<meta name=\"twitter:data1\" content=\"1 minute\" \/>\n<script type=\"application\/ld+json\" class=\"yoast-schema-graph\">{\"@context\":\"https:\/\/schema.org\",\"@graph\":[{\"@type\":\"WebPage\",\"@id\":\"https:\/\/ssrs.si\/o-nas\/poslovna-politika\/\",\"url\":\"https:\/\/ssrs.si\/o-nas\/poslovna-politika\/\",\"name\":\"Commercial policy - Stanovanjski Sklad Republike Slovenije, Javni Sklad\",\"isPartOf\":{\"@id\":\"https:\/\/ssrs.si\/#website\"},\"datePublished\":\"2017-10-10T13:30:58+00:00\",\"dateModified\":\"2017-10-10T13:30:58+00:00\",\"description\":\"Business policy of the Housing Fund of the Republic of Slovenia, a public fund for the period 2012 \u2013 2016. Read more about the business policy.\",\"breadcrumb\":{\"@id\":\"https:\/\/ssrs.si\/o-nas\/poslovna-politika\/#breadcrumb\"},\"inLanguage\":\"en-US\",\"potentialAction\":[{\"@type\":\"ReadAction\",\"target\":[\"https:\/\/ssrs.si\/o-nas\/poslovna-politika\/\"]}]},{\"@type\":\"BreadcrumbList\",\"@id\":\"https:\/\/ssrs.si\/o-nas\/poslovna-politika\/#breadcrumb\",\"itemListElement\":[{\"@type\":\"ListItem\",\"position\":1,\"name\":\"Home\",\"item\":\"https:\/\/ssrs.si\/\"},{\"@type\":\"ListItem\",\"position\":2,\"name\":\"About us\",\"item\":\"https:\/\/ssrs.si\/o-nas\/\"},{\"@type\":\"ListItem\",\"position\":3,\"name\":\"Commercial policy\"}]},{\"@type\":\"WebSite\",\"@id\":\"https:\/\/ssrs.si\/#website\",\"url\":\"https:\/\/ssrs.si\/\",\"name\":\"SSRS\",\"description\":\"Stanovanjski Sklad Republike Slovenije, Javni Sklad\",\"potentialAction\":[{\"@type\":\"SearchAction\",\"target\":{\"@type\":\"EntryPoint\",\"urlTemplate\":\"https:\/\/ssrs.si\/?s={search_term_string}\"},\"query-input\":{\"@type\":\"PropertyValueSpecification\",\"valueRequired\":true,\"valueName\":\"search_term_string\"}}],\"inLanguage\":\"en-US\"}]}<\/script>\n<!-- \/ Yoast SEO plugin. -->","yoast_head_json":{"title":"Commercial policy - Stanovanjski Sklad Republike Slovenije, Javni Sklad","description":"Business policy of the Housing Fund of the Republic of Slovenia, a public fund for the period 2012 \u2013 2016. Read more about the business policy.","robots":{"index":"index","follow":"follow","max-snippet":"max-snippet:-1","max-image-preview":"max-image-preview:large","max-video-preview":"max-video-preview:-1"},"canonical":"https:\/\/ssrs.si\/o-nas\/poslovna-politika\/","twitter_card":"summary_large_image","twitter_title":"Commercial policy - Stanovanjski Sklad Republike Slovenije, Javni Sklad","twitter_description":"Business policy of the Housing Fund of the Republic of Slovenia, a public fund for the period 2012 \u2013 2016. Read more about the business policy.","twitter_misc":{"Est. reading time":"1 minute"},"schema":{"@context":"https:\/\/schema.org","@graph":[{"@type":"WebPage","@id":"https:\/\/ssrs.si\/o-nas\/poslovna-politika\/","url":"https:\/\/ssrs.si\/o-nas\/poslovna-politika\/","name":"Commercial policy - Stanovanjski Sklad Republike Slovenije, Javni Sklad","isPartOf":{"@id":"https:\/\/ssrs.si\/#website"},"datePublished":"2017-10-10T13:30:58+00:00","dateModified":"2017-10-10T13:30:58+00:00","description":"Business policy of the Housing Fund of the Republic of Slovenia, a public fund for the period 2012 \u2013 2016. Read more about the business policy.","breadcrumb":{"@id":"https:\/\/ssrs.si\/o-nas\/poslovna-politika\/#breadcrumb"},"inLanguage":"en-US","potentialAction":[{"@type":"ReadAction","target":["https:\/\/ssrs.si\/o-nas\/poslovna-politika\/"]}]},{"@type":"BreadcrumbList","@id":"https:\/\/ssrs.si\/o-nas\/poslovna-politika\/#breadcrumb","itemListElement":[{"@type":"ListItem","position":1,"name":"Home","item":"https:\/\/ssrs.si\/"},{"@type":"ListItem","position":2,"name":"About us","item":"https:\/\/ssrs.si\/o-nas\/"},{"@type":"ListItem","position":3,"name":"Commercial policy"}]},{"@type":"WebSite","@id":"https:\/\/ssrs.si\/#website","url":"https:\/\/ssrs.si\/","name":"SSRS","description":"Stanovanjski Sklad Republike Slovenije, Javni Sklad","potentialAction":[{"@type":"SearchAction","target":{"@type":"EntryPoint","urlTemplate":"https:\/\/ssrs.si\/?s={search_term_string}"},"query-input":{"@type":"PropertyValueSpecification","valueRequired":true,"valueName":"search_term_string"}}],"inLanguage":"en-US"}]}},"_links":{"self":[{"href":"https:\/\/ssrs.si\/en\/wp-json\/wp\/v2\/pages\/17141"}],"collection":[{"href":"https:\/\/ssrs.si\/en\/wp-json\/wp\/v2\/pages"}],"about":[{"href":"https:\/\/ssrs.si\/en\/wp-json\/wp\/v2\/types\/page"}],"author":[{"embeddable":true,"href":"https:\/\/ssrs.si\/en\/wp-json\/wp\/v2\/users\/1"}],"replies":[{"embeddable":true,"href":"https:\/\/ssrs.si\/en\/wp-json\/wp\/v2\/comments?post=17141"}],"version-history":[{"count":0,"href":"https:\/\/ssrs.si\/en\/wp-json\/wp\/v2\/pages\/17141\/revisions"}],"up":[{"embeddable":true,"href":"https:\/\/ssrs.si\/en\/wp-json\/wp\/v2\/pages\/17135"}],"wp:attachment":[{"href":"https:\/\/ssrs.si\/en\/wp-json\/wp\/v2\/media?parent=17141"}],"wp:term":[{"taxonomy":"category","embeddable":true,"href":"https:\/\/ssrs.si\/en\/wp-json\/wp\/v2\/categories?post=17141"}],"curies":[{"name":"wp","href":"https:\/\/api.w.org\/{rel}","templated":true}]}}