{"id":7311,"date":"2020-11-20T10:50:54","date_gmt":"2020-11-20T09:50:54","guid":{"rendered":"https:\/\/ssrs.si\/?page_id=7311"},"modified":"2025-10-23T15:55:37","modified_gmt":"2025-10-23T13:55:37","slug":"izjava-o-dostopnosti","status":"publish","type":"page","link":"https:\/\/ssrs.si\/en\/izjava-o-dostopnosti\/","title":{"rendered":"Izjava o dostopnosti"},"content":{"rendered":"<p>Ta izjava o dostopnosti se nana\u0161a na spletno mesto ssrs.si, ki ga upravlja Stanovanjski sklad Republike Slovenije, javni sklad.<\/p>\n<p>&nbsp;<\/p>\n<h2>Zagotavljanje dostopnosti<\/h2>\n<p>Stanovanjski sklad Republike Slovenije si prizadeva, da bi bilo njegovo spletno mesto ssrs.si \u010dim bolj dostopno v skladu z dolo\u010dili Zakona o dostopnosti spleti\u0161\u010d in mobilnih aplikacij (ZDSMA).<\/p>\n<p>Na spletnem mestu so sistemsko zagotovljene naslednje prilagoditve:<\/p>\n<ul>\n<li>odzivno oblikovanje (prilagajanje vsebine razli\u010dnim lo\u010dljivostim zaslona),<\/li>\n<li>omogo\u010den prikaz vsebin za uporabnike podpornih tehnologij (bralniki zaslona, brajeva vrstica),<\/li>\n<li>omogo\u010dena navigacija s tipkovnico (za uporabnike, ki ne morejo uporabljati mi\u0161ke),<\/li>\n<li>zagotovljeni ustrezni barvni kontrasti med besedilom in ozadjem,<\/li>\n<li>predvidljivo delovanje spletnega mesta,<\/li>\n<li>omogo\u010deno opremljanje slik z nadomestnim besedilom,<\/li>\n<li>uporaba pravilnih ravni naslovov.<\/li>\n<\/ul>\n<h2>&nbsp;<\/h2>\n<h2>Stopnja skladnosti<\/h2>\n<p>Spletno mesto ssrs.si je delno skladno z Zakonom o dostopnosti spleti\u0161\u010d in mobilnih aplikacij zaradi spodaj navedenih izjem.<\/p>\n<p>&nbsp;<\/p>\n<h2>Nedostopna vsebina<\/h2>\n<p>Kljub stalnim prizadevanjem za izbolj\u0161anje dostopnosti nekatere vsebine trenutno ne izpolnjujejo vseh zahtev:<\/p>\n<ul>\n<li>Datoteke PDF in DOCX: nekatere datoteke, zlasti starej\u0161e, niso v celoti dostopne bralnikom zaslona. Prizadevamo si za pretvorbo v dostopne formate ali zagotovitev na zahtevo.<\/li>\n<li>Slike: posamezne slike, zlasti starej\u0161e ali dekorativne, nimajo podrobnega nadomestnega (ALT) besedila.<\/li>\n<\/ul>\n<p>Dostopnost spletnega mesta ssrs.si nenehno spremljamo in izbolj\u0161ujemo posamezne elemente.<\/p>\n<h2>&nbsp;<\/h2>\n<h2>Povratne informacije in kontakt<\/h2>\n<p>\u010ce \u017eelite sporo\u010diti morebitne nedostopne vsebine ali zaprositi za informacije v alternativni obliki, nam pi\u0161ite:<\/p>\n<p><strong>Stanovanjski sklad Republike Slovenije, javni sklad<br \/>\n<\/strong>Poljanska cesta 31, 1000 Ljubljana<br \/>\nT: +386 (0)1 4710 500<br \/>\nE: ssrsinfo@ssrs.si<\/p>\n<p>&nbsp;<\/p>\n<h2>Izvr\u0161ilni postopek<\/h2>\n<p>V primeru nezadovoljivega odziva na obvestilo ali zahtevo glede dostopnosti se lahko obrnete na pristojni nadzorni organ:<\/p>\n<p>Ministrstvo za digitalno preobrazbo<br \/>\nIn\u0161pektorat Republike Slovenije za informacijsko dru\u017ebo<strong><br \/>\n<\/strong>Dav\u010dna ulica 1, 1000 Ljubljana<br \/>\nT: +386 (0)1 555 58 48<br \/>\nE: gp.irsid@gov.si<br \/>\n<a href=\"https:\/\/www.gov.si\/drzavni-organi\/organi-v-sestavi\/inspektorat-za-informacijsko-druzbo\/\">https:\/\/www.gov.si\/drzavni-organi\/organi-v-sestavi\/inspektorat-za-informacijsko-druzbo\/<\/a><\/p>\n<p>&nbsp;<\/p>\n<h2>Priprava izjave o dostopnosti<\/h2>\n<p>Ta izjava je bila pripravljena 8. novembra 2024 na podlagi samoocene.<\/p>\n<p>Izjava je bila nazadnje pregledana 23. oktobra 2025.<\/p>\n<p>&nbsp;<\/p>\n","protected":false},"excerpt":{"rendered":"<p>Ta izjava o dostopnosti se nana\u0161a na spletno mesto ssrs.si, ki ga upravlja Stanovanjski sklad Republike Slovenije, javni sklad. &nbsp; Zagotavljanje dostopnosti Stanovanjski sklad Republike Slovenije si prizadeva, da bi bilo njegovo spletno mesto ssrs.si \u010dim bolj dostopno v skladu z dolo\u010dili Zakona o dostopnosti spleti\u0161\u010d in mobilnih aplikacij (ZDSMA). Na spletnem mestu so sistemsko [&hellip;]<\/p>\n","protected":false},"author":1,"featured_media":0,"parent":0,"menu_order":24,"comment_status":"closed","ping_status":"closed","template":"","meta":{"ngg_post_thumbnail":0,"footnotes":"","_links_to":"","_links_to_target":""},"categories":[],"class_list":["post-7311","page","type-page","status-publish","hentry"],"yoast_head":"<!-- This site is optimized with the Yoast SEO plugin v23.4 - https:\/\/yoast.com\/wordpress\/plugins\/seo\/ -->\n<title>Izjava o dostopnosti - Stanovanjski Sklad Republike Slovenije, Javni Sklad<\/title>\n<meta name=\"robots\" content=\"index, follow, max-snippet:-1, max-image-preview:large, max-video-preview:-1\" \/>\n<link rel=\"canonical\" href=\"https:\/\/ssrs.si\/en\/izjava-o-dostopnosti\/\" \/>\n<meta name=\"twitter:card\" content=\"summary_large_image\" \/>\n<meta name=\"twitter:title\" content=\"Izjava o dostopnosti - Stanovanjski Sklad Republike Slovenije, Javni Sklad\" \/>\n<meta name=\"twitter:description\" content=\"Ta izjava o dostopnosti se nana\u0161a na spletno mesto ssrs.si, ki ga upravlja Stanovanjski sklad Republike Slovenije, javni sklad. &nbsp; Zagotavljanje dostopnosti Stanovanjski sklad Republike Slovenije si prizadeva, da bi bilo njegovo spletno mesto ssrs.si \u010dim bolj dostopno v skladu z dolo\u010dili Zakona o dostopnosti spleti\u0161\u010d in mobilnih aplikacij (ZDSMA). Na spletnem mestu so sistemsko [&hellip;]\" \/>\n<meta name=\"twitter:label1\" content=\"Est. reading time\" \/>\n\t<meta name=\"twitter:data1\" content=\"2 minutes\" \/>\n<script type=\"application\/ld+json\" class=\"yoast-schema-graph\">{\"@context\":\"https:\/\/schema.org\",\"@graph\":[{\"@type\":\"WebPage\",\"@id\":\"https:\/\/ssrs.si\/en\/izjava-o-dostopnosti\/\",\"url\":\"https:\/\/ssrs.si\/en\/izjava-o-dostopnosti\/\",\"name\":\"Izjava o dostopnosti - Stanovanjski Sklad Republike Slovenije, Javni Sklad\",\"isPartOf\":{\"@id\":\"https:\/\/ssrs.si\/#website\"},\"datePublished\":\"2020-11-20T09:50:54+00:00\",\"dateModified\":\"2025-10-23T13:55:37+00:00\",\"breadcrumb\":{\"@id\":\"https:\/\/ssrs.si\/en\/izjava-o-dostopnosti\/#breadcrumb\"},\"inLanguage\":\"en-US\",\"potentialAction\":[{\"@type\":\"ReadAction\",\"target\":[\"https:\/\/ssrs.si\/en\/izjava-o-dostopnosti\/\"]}]},{\"@type\":\"BreadcrumbList\",\"@id\":\"https:\/\/ssrs.si\/en\/izjava-o-dostopnosti\/#breadcrumb\",\"itemListElement\":[{\"@type\":\"ListItem\",\"position\":1,\"name\":\"Home\",\"item\":\"https:\/\/ssrs.si\/\"},{\"@type\":\"ListItem\",\"position\":2,\"name\":\"Izjava o dostopnosti\"}]},{\"@type\":\"WebSite\",\"@id\":\"https:\/\/ssrs.si\/#website\",\"url\":\"https:\/\/ssrs.si\/\",\"name\":\"SSRS\",\"description\":\"Stanovanjski Sklad Republike Slovenije, Javni Sklad\",\"potentialAction\":[{\"@type\":\"SearchAction\",\"target\":{\"@type\":\"EntryPoint\",\"urlTemplate\":\"https:\/\/ssrs.si\/?s={search_term_string}\"},\"query-input\":{\"@type\":\"PropertyValueSpecification\",\"valueRequired\":true,\"valueName\":\"search_term_string\"}}],\"inLanguage\":\"en-US\"}]}<\/script>\n<!-- \/ Yoast SEO plugin. -->","yoast_head_json":{"title":"Izjava o dostopnosti - Stanovanjski Sklad Republike Slovenije, Javni Sklad","robots":{"index":"index","follow":"follow","max-snippet":"max-snippet:-1","max-image-preview":"max-image-preview:large","max-video-preview":"max-video-preview:-1"},"canonical":"https:\/\/ssrs.si\/en\/izjava-o-dostopnosti\/","twitter_card":"summary_large_image","twitter_title":"Izjava o dostopnosti - Stanovanjski Sklad Republike Slovenije, Javni Sklad","twitter_description":"Ta izjava o dostopnosti se nana\u0161a na spletno mesto ssrs.si, ki ga upravlja Stanovanjski sklad Republike Slovenije, javni sklad. &nbsp; Zagotavljanje dostopnosti Stanovanjski sklad Republike Slovenije si prizadeva, da bi bilo njegovo spletno mesto ssrs.si \u010dim bolj dostopno v skladu z dolo\u010dili Zakona o dostopnosti spleti\u0161\u010d in mobilnih aplikacij (ZDSMA). Na spletnem mestu so sistemsko [&hellip;]","twitter_misc":{"Est. reading time":"2 minutes"},"schema":{"@context":"https:\/\/schema.org","@graph":[{"@type":"WebPage","@id":"https:\/\/ssrs.si\/en\/izjava-o-dostopnosti\/","url":"https:\/\/ssrs.si\/en\/izjava-o-dostopnosti\/","name":"Izjava o dostopnosti - Stanovanjski Sklad Republike Slovenije, Javni Sklad","isPartOf":{"@id":"https:\/\/ssrs.si\/#website"},"datePublished":"2020-11-20T09:50:54+00:00","dateModified":"2025-10-23T13:55:37+00:00","breadcrumb":{"@id":"https:\/\/ssrs.si\/en\/izjava-o-dostopnosti\/#breadcrumb"},"inLanguage":"en-US","potentialAction":[{"@type":"ReadAction","target":["https:\/\/ssrs.si\/en\/izjava-o-dostopnosti\/"]}]},{"@type":"BreadcrumbList","@id":"https:\/\/ssrs.si\/en\/izjava-o-dostopnosti\/#breadcrumb","itemListElement":[{"@type":"ListItem","position":1,"name":"Home","item":"https:\/\/ssrs.si\/"},{"@type":"ListItem","position":2,"name":"Izjava o dostopnosti"}]},{"@type":"WebSite","@id":"https:\/\/ssrs.si\/#website","url":"https:\/\/ssrs.si\/","name":"SSRS","description":"Stanovanjski Sklad Republike Slovenije, Javni Sklad","potentialAction":[{"@type":"SearchAction","target":{"@type":"EntryPoint","urlTemplate":"https:\/\/ssrs.si\/?s={search_term_string}"},"query-input":{"@type":"PropertyValueSpecification","valueRequired":true,"valueName":"search_term_string"}}],"inLanguage":"en-US"}]}},"_links":{"self":[{"href":"https:\/\/ssrs.si\/en\/wp-json\/wp\/v2\/pages\/7311"}],"collection":[{"href":"https:\/\/ssrs.si\/en\/wp-json\/wp\/v2\/pages"}],"about":[{"href":"https:\/\/ssrs.si\/en\/wp-json\/wp\/v2\/types\/page"}],"author":[{"embeddable":true,"href":"https:\/\/ssrs.si\/en\/wp-json\/wp\/v2\/users\/1"}],"replies":[{"embeddable":true,"href":"https:\/\/ssrs.si\/en\/wp-json\/wp\/v2\/comments?post=7311"}],"version-history":[{"count":23,"href":"https:\/\/ssrs.si\/en\/wp-json\/wp\/v2\/pages\/7311\/revisions"}],"predecessor-version":[{"id":20697,"href":"https:\/\/ssrs.si\/en\/wp-json\/wp\/v2\/pages\/7311\/revisions\/20697"}],"wp:attachment":[{"href":"https:\/\/ssrs.si\/en\/wp-json\/wp\/v2\/media?parent=7311"}],"wp:term":[{"taxonomy":"category","embeddable":true,"href":"https:\/\/ssrs.si\/en\/wp-json\/wp\/v2\/categories?post=7311"}],"curies":[{"name":"wp","href":"https:\/\/api.w.org\/{rel}","templated":true}]}}